{"id":1321,"date":"2021-10-26T17:37:23","date_gmt":"2021-10-26T17:37:23","guid":{"rendered":"https:\/\/foto-guettler.de\/?page_id=1321"},"modified":"2021-10-26T19:55:45","modified_gmt":"2021-10-26T19:55:45","slug":"kalender-2022","status":"publish","type":"page","link":"https:\/\/foto-guettler.de\/?page_id=1321","title":{"rendered":"Kalender-2022"},"content":{"rendered":"\n<p>Ein Food Kalender mit unterschiedlichen Motiven wie Gem\u00fcse, Fr\u00fcchte, Fleisch Gew\u00fcrze, Fisch und S\u00fc\u00dfigkeiten:<\/p>\n\n\n\nngg_shortcode_0_placeholder\n","protected":false},"excerpt":{"rendered":"<p>Ein Food Kalender mit unterschiedlichen Motiven wie Gem\u00fcse, Fr\u00fcchte, Fleisch Gew\u00fcrze, Fisch und S\u00fc\u00dfigkeiten:<\/p>\n","protected":false},"author":1,"featured_media":0,"parent":0,"menu_order":0,"comment_status":"open","ping_status":"closed","template":"","meta":{"ngg_post_thumbnail":0,"footnotes":""},"class_list":["post-1321","page","type-page","status-publish","hentry"],"jetpack_sharing_enabled":true,"_links":{"self":[{"href":"https:\/\/foto-guettler.de\/index.php?rest_route=\/wp\/v2\/pages\/1321","targetHints":{"allow":["GET"]}}],"collection":[{"href":"https:\/\/foto-guettler.de\/index.php?rest_route=\/wp\/v2\/pages"}],"about":[{"href":"https:\/\/foto-guettler.de\/index.php?rest_route=\/wp\/v2\/types\/page"}],"author":[{"embeddable":true,"href":"https:\/\/foto-guettler.de\/index.php?rest_route=\/wp\/v2\/users\/1"}],"replies":[{"embeddable":true,"href":"https:\/\/foto-guettler.de\/index.php?rest_route=%2Fwp%2Fv2%2Fcomments&post=1321"}],"version-history":[{"count":0,"href":"https:\/\/foto-guettler.de\/index.php?rest_route=\/wp\/v2\/pages\/1321\/revisions"}],"wp:attachment":[{"href":"https:\/\/foto-guettler.de\/index.php?rest_route=%2Fwp%2Fv2%2Fmedia&parent=1321"}],"curies":[{"name":"wp","href":"https:\/\/api.w.org\/{rel}","templated":true}]}}