{"id":1469,"date":"2022-01-04T16:58:13","date_gmt":"2022-01-04T16:58:13","guid":{"rendered":"https:\/\/foto-guettler.de\/?page_id=1469"},"modified":"2022-10-22T09:44:05","modified_gmt":"2022-10-22T09:44:05","slug":"bretagne-2021","status":"publish","type":"page","link":"https:\/\/foto-guettler.de\/?page_id=1469","title":{"rendered":"Bretagne 2021"},"content":{"rendered":"\n<p>Reisebericht Bretagne (Frankreich) 2021<\/p>\n\n\n\n<p>Reise vom 03.09. bis 18.09.2021<\/p>\n\n\n\n<p>F\u00fcr jeweils ein paar Tage besuchten wir die St\u00e4dte Saint-Malo, Camaret-sur-Mer und Quiberon und erkundeten dort die Umgebung.<\/p>\n\n\n\n<p>Die Reise haben wir mit unseren Freunden Kerstin und Peter unternommen.<\/p>\n\n\n\n<figure class=\"wp-block-image size-large\"><a href=\"https:\/\/foto-guettler.de\/wp-content\/uploads\/2022\/01\/Reisebericht-Bretagne-2021-01.jpg\"><img loading=\"lazy\" decoding=\"async\" width=\"1024\" height=\"768\" src=\"https:\/\/foto-guettler.de\/wp-content\/uploads\/2022\/01\/Reisebericht-Bretagne-2021-01-1024x768.jpg\" alt=\"Reisebericht-Bretagne-2021\" class=\"wp-image-1456\" srcset=\"https:\/\/foto-guettler.de\/wp-content\/uploads\/2022\/01\/Reisebericht-Bretagne-2021-01-1024x768.jpg 1024w, https:\/\/foto-guettler.de\/wp-content\/uploads\/2022\/01\/Reisebericht-Bretagne-2021-01-300x225.jpg 300w, https:\/\/foto-guettler.de\/wp-content\/uploads\/2022\/01\/Reisebericht-Bretagne-2021-01-768x576.jpg 768w, https:\/\/foto-guettler.de\/wp-content\/uploads\/2022\/01\/Reisebericht-Bretagne-2021-01-1536x1152.jpg 1536w, https:\/\/foto-guettler.de\/wp-content\/uploads\/2022\/01\/Reisebericht-Bretagne-2021-01.jpg 2000w\" sizes=\"auto, (max-width: 706px) 89vw, (max-width: 767px) 82vw, 740px\" \/><\/a><figcaption><strong>Peter, Kerstin und Antje<\/strong><\/figcaption><\/figure>\n\n\n\n<p>Die Geschichte der Bretagne reicht lange zur\u00fcck\u2026<\/p>\n\n\n\n<p>Die ersten Siedler wurden vor ca. 6000 Jahren sesshaft und in dieser Zeit entstanden die sogenannte Menhire und Dolmen. Dies sind riesige bearbeitete Steine und Gesteinsformationen, welche sich noch heute an vielen Stellen bestaunen lassen. Die Bedeutung dieser Gesteinsformationen ist bis heute ungekl\u00e4rt.<\/p>\n\n\n\n<figure class=\"wp-block-image size-large\"><a href=\"https:\/\/foto-guettler.de\/wp-content\/uploads\/2022\/01\/Reisebericht-Bretagne-2021-02.jpg\"><img loading=\"lazy\" decoding=\"async\" width=\"1024\" height=\"682\" src=\"https:\/\/foto-guettler.de\/wp-content\/uploads\/2022\/01\/Reisebericht-Bretagne-2021-02-1024x682.jpg\" alt=\"Reisebericht-Bretagne-2021\" class=\"wp-image-1457\" srcset=\"https:\/\/foto-guettler.de\/wp-content\/uploads\/2022\/01\/Reisebericht-Bretagne-2021-02-1024x682.jpg 1024w, https:\/\/foto-guettler.de\/wp-content\/uploads\/2022\/01\/Reisebericht-Bretagne-2021-02-300x200.jpg 300w, https:\/\/foto-guettler.de\/wp-content\/uploads\/2022\/01\/Reisebericht-Bretagne-2021-02-768x512.jpg 768w, https:\/\/foto-guettler.de\/wp-content\/uploads\/2022\/01\/Reisebericht-Bretagne-2021-02-1536x1024.jpg 1536w, https:\/\/foto-guettler.de\/wp-content\/uploads\/2022\/01\/Reisebericht-Bretagne-2021-02.jpg 2000w\" sizes=\"auto, (max-width: 706px) 89vw, (max-width: 767px) 82vw, 740px\" \/><\/a><figcaption><strong>Menhire bei Camaret-sur-Mer, Aufnahme aus 2016<\/strong><\/figcaption><\/figure>\n\n\n\n<p>Die ersten Siedler und deren Kultur verschwanden und die Kelten folgten dann vor ungef\u00e4hr 2500 Jahren. Die Kelten herrschten bis sie und ihre Kultur durch die R\u00f6mer verdr\u00e4ngt worden sind. <\/p>\n\n\n\n<p>Diese Zeit war der Anfang von der Besiedelung der Bretagne durch die Briten und sie brachten das Bretonische ein. Daraus entstand ein unabh\u00e4ngiges bretonisches K\u00f6nigreich. Die Unabh\u00e4ngigkeit wich im 15. Jahrhundert und die Bretagne wurde franz\u00f6sisch. <\/p>\n\n\n\n<p>Noch heute f\u00fchlen sich die Bretonen unabh\u00e4ngig und selbst\u00e4ndig. Dies l\u00e4\u00dft sich an der allgegenw\u00e4rtigen schwarz-weissen Flagge erkennen und gilt als Ausdruck ihrer eigenen Identit\u00e4t. Noch heute pflegen die Bretonen ihre bretonische Sprache, T\u00e4nze, Musik oder Trachten. Zahlreiche Vereine helfen, die bretonische Kultur zu bewahren und zu f\u00f6rdern.<\/p>\n\n\n\n<h2 class=\"wp-block-heading\">Stationen der Reise:<\/h2>\n\n\n\n<p><a href=\"#sm\">Saint-Malo<\/a><\/p>\n\n\n\n<p><a href=\"#csm\">Camaret-sur-Mer<\/a><\/p>\n\n\n\n<p><a href=\"#qui\">Quiberon<\/a><\/p>\n\n\n\n<div style=\"height:84px\" aria-hidden=\"true\" class=\"wp-block-spacer\"><\/div>\n\n\n\n<h2 class=\"wp-block-heading\" id=\"sm\">Saint-Malo<\/h2>\n\n\n\n<p>Saint-Malo ist eine bedeutende Hafenstadt in der Bretagne und liegt inmitten der Rance Flussm\u00fcndung. Die historische Altstadt, die von hohen Granitmauern umgeben ist wird an drei Seiten von Wasser umsp\u00fclt. Der Tidenhub kann bis zu 12 Meter betragen, nur bei Ebbe kann man zu Fu\u00df das vorgelagerte Fort National erreichen.<\/p>\n\n\n\n<p>Dort waren wir in einer Ferienwohnung im Zentrum (n\u00e4he Bahnhof, au\u00dferhalb der Altstadt) von Saint-Malo untergebracht.<\/p>\n\n\n\n<figure class=\"wp-block-image size-large\"><a href=\"https:\/\/foto-guettler.de\/wp-content\/uploads\/2022\/01\/Reisebericht-Bretagne-2021-03.jpg\"><img loading=\"lazy\" decoding=\"async\" width=\"1024\" height=\"682\" src=\"https:\/\/foto-guettler.de\/wp-content\/uploads\/2022\/01\/Reisebericht-Bretagne-2021-03-1024x682.jpg\" alt=\"Reisebericht-Bretagne-2021\" class=\"wp-image-1458\" srcset=\"https:\/\/foto-guettler.de\/wp-content\/uploads\/2022\/01\/Reisebericht-Bretagne-2021-03-1024x682.jpg 1024w, https:\/\/foto-guettler.de\/wp-content\/uploads\/2022\/01\/Reisebericht-Bretagne-2021-03-300x200.jpg 300w, https:\/\/foto-guettler.de\/wp-content\/uploads\/2022\/01\/Reisebericht-Bretagne-2021-03-768x512.jpg 768w, https:\/\/foto-guettler.de\/wp-content\/uploads\/2022\/01\/Reisebericht-Bretagne-2021-03-1536x1024.jpg 1536w, https:\/\/foto-guettler.de\/wp-content\/uploads\/2022\/01\/Reisebericht-Bretagne-2021-03.jpg 2000w\" sizes=\"auto, (max-width: 706px) 89vw, (max-width: 767px) 82vw, 740px\" \/><\/a><figcaption><strong>Saint-Malo bei dichten Seenebel<\/strong><\/figcaption><\/figure>\n\n\n\n<p>Unsere Erkundungstour durch Saint-Malo wurde von einem dichten Seenebel begleitet, der sich erst nachmittags aufl\u00f6ste. Die Stadtmauer ist zu einem gro\u00dfen Teil begehbar und bietet zum Sightseeing eine interessante Perspektive.<\/p>\n\n\n\n<p>Ganz in der N\u00e4he befindet sich der Badeort Dinard und das Weltkulturerbe Mont Saint-Michel mit der gleichnamigen Abtei. Die kleine Insel liegt etwa einen Kilometer von der K\u00fcste entfernt inmitten einer gro\u00dfen Bucht im Wattenmeer.<\/p>\n\n\n\n<figure class=\"wp-block-image size-large\"><a href=\"https:\/\/foto-guettler.de\/wp-content\/uploads\/2022\/01\/Reisebericht-Bretagne-2021-04.jpg\"><img loading=\"lazy\" decoding=\"async\" width=\"1024\" height=\"645\" src=\"https:\/\/foto-guettler.de\/wp-content\/uploads\/2022\/01\/Reisebericht-Bretagne-2021-04-1024x645.jpg\" alt=\"Reisebericht-Bretagne-2021\" class=\"wp-image-1459\" srcset=\"https:\/\/foto-guettler.de\/wp-content\/uploads\/2022\/01\/Reisebericht-Bretagne-2021-04-1024x645.jpg 1024w, https:\/\/foto-guettler.de\/wp-content\/uploads\/2022\/01\/Reisebericht-Bretagne-2021-04-300x189.jpg 300w, https:\/\/foto-guettler.de\/wp-content\/uploads\/2022\/01\/Reisebericht-Bretagne-2021-04-768x483.jpg 768w, https:\/\/foto-guettler.de\/wp-content\/uploads\/2022\/01\/Reisebericht-Bretagne-2021-04-1536x967.jpg 1536w, https:\/\/foto-guettler.de\/wp-content\/uploads\/2022\/01\/Reisebericht-Bretagne-2021-04.jpg 2000w\" sizes=\"auto, (max-width: 706px) 89vw, (max-width: 767px) 82vw, 740px\" \/><\/a><figcaption><strong>Mont Saint-Michel bei Ebbe<\/strong><\/figcaption><\/figure>\n\n\n\n<div class=\"wp-block-buttons is-layout-flex wp-block-buttons-is-layout-flex\">\n<div class=\"wp-block-button is-style-fill\"><a class=\"wp-block-button__link has-black-color has-white-background-color has-text-color has-background\" href=\"https:\/\/1drv.ms\/u\/s!AszhY-9LiFwP-gvg6vd_Z-PyXzgU?e=J2dgCH\" target=\"_blank\" rel=\"noreferrer noopener\">Weitere Fotos aus Saint-Malo und Saint-Michel<\/a><\/div>\n<\/div>\n\n\n\n<h2 class=\"wp-block-heading\" id=\"csm\">Camaret-sur-Mer<\/h2>\n\n\n\n<p>Die Gemeinde Camaret-sur-Mer liegt im \u00e4u\u00dfersten Nordwesten Frankreichs auf der Halbinsel Crozon im D\u00e9partement Finist\u00e8re (das Ende der Welt), direkt an der Atlantikk\u00fcste. Die kleine Stadt mit einem malerischen Fischereihafen ziert eine ausgedehnte Hafenpromenade und l\u00e4dt mit vielen Restaurants, Creperien und Pubs zum Verweilen ein.<\/p>\n\n\n\n<figure class=\"wp-block-image size-large\"><a href=\"https:\/\/foto-guettler.de\/wp-content\/uploads\/2022\/01\/Reisebericht-Bretagne-2021-05.jpg\"><img loading=\"lazy\" decoding=\"async\" width=\"1024\" height=\"768\" src=\"https:\/\/foto-guettler.de\/wp-content\/uploads\/2022\/01\/Reisebericht-Bretagne-2021-05-1024x768.jpg\" alt=\"Reisebericht-Bretagne-2021\" class=\"wp-image-1460\" srcset=\"https:\/\/foto-guettler.de\/wp-content\/uploads\/2022\/01\/Reisebericht-Bretagne-2021-05-1024x768.jpg 1024w, https:\/\/foto-guettler.de\/wp-content\/uploads\/2022\/01\/Reisebericht-Bretagne-2021-05-300x225.jpg 300w, https:\/\/foto-guettler.de\/wp-content\/uploads\/2022\/01\/Reisebericht-Bretagne-2021-05-768x576.jpg 768w, https:\/\/foto-guettler.de\/wp-content\/uploads\/2022\/01\/Reisebericht-Bretagne-2021-05-1536x1152.jpg 1536w, https:\/\/foto-guettler.de\/wp-content\/uploads\/2022\/01\/Reisebericht-Bretagne-2021-05.jpg 2000w\" sizes=\"auto, (max-width: 706px) 89vw, (max-width: 767px) 82vw, 740px\" \/><\/a><figcaption><strong>Die Hafenpromenade von Camaret-sur-Mer<\/strong><\/figcaption><\/figure>\n\n\n\n<p>In Camaret waren wir in einem gro\u00dfz\u00fcgigen lichtdurchfluteten Haus in fu\u00dfl\u00e4ufiger Entfernung zur K\u00fcste zu Gast. Den abendlichen Sundowner nahmen wir zumeist auf der innenliegenden Terrasse des Hauses ein.<\/p>\n\n\n\n<p>In Camaret-sur-Mer findet man zahlreiche&nbsp; K\u00fcnstlergalerien, die zu einer Besichtigung einladen. An der Hafenmole besuchten wir die bekannten Schiffswracks und die sehenswerte Kapelle Notre-Dame de Rocamadour.<\/p>\n\n\n\n<figure class=\"wp-block-image size-large\"><a href=\"https:\/\/foto-guettler.de\/wp-content\/uploads\/2022\/01\/Reisebericht-Bretagne-2021-06.jpg\"><img loading=\"lazy\" decoding=\"async\" width=\"1024\" height=\"682\" src=\"https:\/\/foto-guettler.de\/wp-content\/uploads\/2022\/01\/Reisebericht-Bretagne-2021-06-1024x682.jpg\" alt=\"Reisebericht-Bretagne-2021\" class=\"wp-image-1461\" srcset=\"https:\/\/foto-guettler.de\/wp-content\/uploads\/2022\/01\/Reisebericht-Bretagne-2021-06-1024x682.jpg 1024w, https:\/\/foto-guettler.de\/wp-content\/uploads\/2022\/01\/Reisebericht-Bretagne-2021-06-300x200.jpg 300w, https:\/\/foto-guettler.de\/wp-content\/uploads\/2022\/01\/Reisebericht-Bretagne-2021-06-768x512.jpg 768w, https:\/\/foto-guettler.de\/wp-content\/uploads\/2022\/01\/Reisebericht-Bretagne-2021-06-1536x1024.jpg 1536w, https:\/\/foto-guettler.de\/wp-content\/uploads\/2022\/01\/Reisebericht-Bretagne-2021-06.jpg 2000w\" sizes=\"auto, (max-width: 706px) 89vw, (max-width: 767px) 82vw, 740px\" \/><\/a><figcaption><strong>Schiffswracks an der Hafenmole bei Camaret-sur-Mer<\/strong><\/figcaption><\/figure>\n\n\n\n<p>Pointe de Penhir ist das prominente Ausflugsziel vor Ort und man kann es wunderbar von Camaret-sur-Mer \u00fcber den K\u00fcstenwanderweg erreichen. Die Steilk\u00fcste ist wirklich sehr sehenswert und bietet abends eine perfekte Location, um den Sonnenuntergang zu genie\u00dfen &#8211; wenn denn dann das Wetter mitspielt. <\/p>\n\n\n\n<p>Da das Wetter f\u00fcr einen perfekten Sonnenuntergang nicht passte, versuchten Peter und ich, die Szenerie bei Sonnenaufgang fotografisch einzufangen und wurden mit sch\u00f6nen vom ersten Sonnenlicht angestrahlten Wolken belohnt.<\/p>\n\n\n\n<figure class=\"wp-block-image size-large\"><a href=\"https:\/\/foto-guettler.de\/wp-content\/uploads\/2022\/01\/Reisebericht-Bretagne-2021-07.jpg\"><img loading=\"lazy\" decoding=\"async\" width=\"1024\" height=\"682\" src=\"https:\/\/foto-guettler.de\/wp-content\/uploads\/2022\/01\/Reisebericht-Bretagne-2021-07-1024x682.jpg\" alt=\"Reisebericht-Bretagne-2021\" class=\"wp-image-1462\" srcset=\"https:\/\/foto-guettler.de\/wp-content\/uploads\/2022\/01\/Reisebericht-Bretagne-2021-07-1024x682.jpg 1024w, https:\/\/foto-guettler.de\/wp-content\/uploads\/2022\/01\/Reisebericht-Bretagne-2021-07-300x200.jpg 300w, https:\/\/foto-guettler.de\/wp-content\/uploads\/2022\/01\/Reisebericht-Bretagne-2021-07-768x512.jpg 768w, https:\/\/foto-guettler.de\/wp-content\/uploads\/2022\/01\/Reisebericht-Bretagne-2021-07-1536x1024.jpg 1536w, https:\/\/foto-guettler.de\/wp-content\/uploads\/2022\/01\/Reisebericht-Bretagne-2021-07.jpg 2000w\" sizes=\"auto, (max-width: 706px) 89vw, (max-width: 767px) 82vw, 740px\" \/><\/a><figcaption><strong>Pointe de Penhir bei Sonnenaufgang, Im Vorfeld liegen die Les Tas de Pois (Erbseninseln)<\/strong><\/figcaption><\/figure>\n\n\n\n<p>Ganz in der N\u00e4he starteten wir zu einer ausgedehnten Wanderung \u00fcber den bekannten und \u00fcberregionalen K\u00fcstenwanderweg GR34 in der N\u00e4he von Morgat. Von einem Parkplatz bei Saint-Hernot starteten wir mit dem Ziel Cap de la Ch\u00e8vre immer dem K\u00fcstenwanderweg an der Steilk\u00fcste folgend. Der Weg folgt der Topografie und so l\u00e4uft man stetig bergauf und bergab. <\/p>\n\n\n\n<p>Das Meer schimmert smaragdgr\u00fcn im Sonnenlicht. Der abwechslungsreiche Weg bietet aber noch viele weitere tolle Ausblicke.<\/p>\n\n\n\n<figure class=\"wp-block-image size-large\"><a href=\"https:\/\/foto-guettler.de\/wp-content\/uploads\/2022\/01\/Reisebericht-Bretagne-2021-08.jpg\"><img loading=\"lazy\" decoding=\"async\" width=\"1024\" height=\"682\" src=\"https:\/\/foto-guettler.de\/wp-content\/uploads\/2022\/01\/Reisebericht-Bretagne-2021-08-1024x682.jpg\" alt=\"Reisebericht-Bretagne-2021\" class=\"wp-image-1463\" srcset=\"https:\/\/foto-guettler.de\/wp-content\/uploads\/2022\/01\/Reisebericht-Bretagne-2021-08-1024x682.jpg 1024w, https:\/\/foto-guettler.de\/wp-content\/uploads\/2022\/01\/Reisebericht-Bretagne-2021-08-300x200.jpg 300w, https:\/\/foto-guettler.de\/wp-content\/uploads\/2022\/01\/Reisebericht-Bretagne-2021-08-768x512.jpg 768w, https:\/\/foto-guettler.de\/wp-content\/uploads\/2022\/01\/Reisebericht-Bretagne-2021-08-1536x1024.jpg 1536w, https:\/\/foto-guettler.de\/wp-content\/uploads\/2022\/01\/Reisebericht-Bretagne-2021-08.jpg 2000w\" sizes=\"auto, (max-width: 706px) 89vw, (max-width: 767px) 82vw, 740px\" \/><\/a><figcaption><strong>Ausblick von dem K\u00fcstenwanderweg in der N\u00e4he von Morgat<\/strong><\/figcaption><\/figure>\n\n\n\n<p>Etwas im Landesinneren gelegen besuchten wir die Abtei von Landevennec mit der Klosterruine. Das angeschlossene Museum ist ebenfalls sehr sehenswert.<\/p>\n\n\n\n<figure class=\"wp-block-image size-large\"><a href=\"https:\/\/foto-guettler.de\/wp-content\/uploads\/2022\/01\/Reisebericht-Bretagne-2021-09.jpg\"><img loading=\"lazy\" decoding=\"async\" width=\"1024\" height=\"682\" src=\"https:\/\/foto-guettler.de\/wp-content\/uploads\/2022\/01\/Reisebericht-Bretagne-2021-09-1024x682.jpg\" alt=\"Reisebericht-Bretagne-2021\" class=\"wp-image-1464\" srcset=\"https:\/\/foto-guettler.de\/wp-content\/uploads\/2022\/01\/Reisebericht-Bretagne-2021-09-1024x682.jpg 1024w, https:\/\/foto-guettler.de\/wp-content\/uploads\/2022\/01\/Reisebericht-Bretagne-2021-09-300x200.jpg 300w, https:\/\/foto-guettler.de\/wp-content\/uploads\/2022\/01\/Reisebericht-Bretagne-2021-09-768x512.jpg 768w, https:\/\/foto-guettler.de\/wp-content\/uploads\/2022\/01\/Reisebericht-Bretagne-2021-09-1536x1024.jpg 1536w, https:\/\/foto-guettler.de\/wp-content\/uploads\/2022\/01\/Reisebericht-Bretagne-2021-09.jpg 2000w\" sizes=\"auto, (max-width: 706px) 89vw, (max-width: 767px) 82vw, 740px\" \/><\/a><figcaption><strong>Klosterruine von Landevennec<\/strong><\/figcaption><\/figure>\n\n\n\n<p>Nicht weit von der Pointe de Penhir befindet sich ein gro\u00dfer lauschiger Badestrand, der in der felsigen K\u00fcste eingebettet ist. Nicht nur der Strand, sondern auch das Umfeld l\u00e4dt zu einer Entdeckungstour ein.<\/p>\n\n\n\n<figure class=\"wp-block-image size-large\"><a href=\"https:\/\/foto-guettler.de\/wp-content\/uploads\/2022\/01\/Reisebericht-Bretagne-2021-10.jpg\"><img loading=\"lazy\" decoding=\"async\" width=\"1024\" height=\"682\" src=\"https:\/\/foto-guettler.de\/wp-content\/uploads\/2022\/01\/Reisebericht-Bretagne-2021-10-1024x682.jpg\" alt=\"Reisebericht-Bretagne-2021\" class=\"wp-image-1465\" srcset=\"https:\/\/foto-guettler.de\/wp-content\/uploads\/2022\/01\/Reisebericht-Bretagne-2021-10-1024x682.jpg 1024w, https:\/\/foto-guettler.de\/wp-content\/uploads\/2022\/01\/Reisebericht-Bretagne-2021-10-300x200.jpg 300w, https:\/\/foto-guettler.de\/wp-content\/uploads\/2022\/01\/Reisebericht-Bretagne-2021-10-768x512.jpg 768w, https:\/\/foto-guettler.de\/wp-content\/uploads\/2022\/01\/Reisebericht-Bretagne-2021-10-1536x1024.jpg 1536w, https:\/\/foto-guettler.de\/wp-content\/uploads\/2022\/01\/Reisebericht-Bretagne-2021-10.jpg 2000w\" sizes=\"auto, (max-width: 706px) 89vw, (max-width: 767px) 82vw, 740px\" \/><\/a><figcaption><strong>Badestrand bei Camaret-sur-Mer N\u00e4he Pointe de Penhir<\/strong><\/figcaption><\/figure>\n\n\n\n<div class=\"wp-block-buttons is-layout-flex wp-block-buttons-is-layout-flex\">\n<div class=\"wp-block-button\"><a class=\"wp-block-button__link has-black-color has-white-background-color has-text-color has-background\" href=\"https:\/\/1drv.ms\/u\/s!AszhY-9LiFwP-hIs0htY4XQCH59n?e=O0cFIy\" target=\"_blank\" rel=\"noreferrer noopener\">Weitere Fotos aus Camaret-sur-Mer und Umgebung<\/a><\/div>\n<\/div>\n\n\n\n<h2 class=\"wp-block-heading\" id=\"qui\">Quiberon<\/h2>\n\n\n\n<p>Die Hafenstadt Quiberon liegt auf der gleichnamigen 14 km langen Halbinsel und bietet eine Vielfalt an unterschiedlichen Landschaften. Dar\u00fcber hinaus ist die Hafenstadt Ausgangspunkt f\u00fcr die beliebten Ausfl\u00fcge zu den Inseln&nbsp; Belle-\u00eele, Houat und Ho\u00ebdic. <\/p>\n\n\n\n<p>Die dem Atlantik ausgerichtete K\u00fcstenlinie nennt sich C\u00f4te Sauvage (Wilde K\u00fcste). Zwischen den felsigen Buchten findet man kleine traumhafte Sandstr\u00e4nde. Die Halbinsel gilt als einer der sch\u00f6nsten Surf-Spots der Bretagne. <\/p>\n\n\n\n<p>Ein Fernwanderweg umrundet die Halbinsel und bietet wundersch\u00f6ne Ausblicke und Fotomotive. Wir waren mehrmals auf diesem Fernwanderweg an der C\u00f4te Sauvage unterwegs. Nat\u00fcrlich durfte ein Abstecher an einen der kleinen Sandstr\u00e4nde nicht fehlen:-)<\/p>\n\n\n\n<figure class=\"wp-block-image size-large\"><a href=\"https:\/\/foto-guettler.de\/wp-content\/uploads\/2022\/01\/Reisebericht-Bretagne-2021-11.jpg\"><img loading=\"lazy\" decoding=\"async\" width=\"1024\" height=\"682\" src=\"https:\/\/foto-guettler.de\/wp-content\/uploads\/2022\/01\/Reisebericht-Bretagne-2021-11-1024x682.jpg\" alt=\"Reisebericht-Bretagne-2021\" class=\"wp-image-1466\" srcset=\"https:\/\/foto-guettler.de\/wp-content\/uploads\/2022\/01\/Reisebericht-Bretagne-2021-11-1024x682.jpg 1024w, https:\/\/foto-guettler.de\/wp-content\/uploads\/2022\/01\/Reisebericht-Bretagne-2021-11-300x200.jpg 300w, https:\/\/foto-guettler.de\/wp-content\/uploads\/2022\/01\/Reisebericht-Bretagne-2021-11-768x512.jpg 768w, https:\/\/foto-guettler.de\/wp-content\/uploads\/2022\/01\/Reisebericht-Bretagne-2021-11-1536x1024.jpg 1536w, https:\/\/foto-guettler.de\/wp-content\/uploads\/2022\/01\/Reisebericht-Bretagne-2021-11.jpg 2000w\" sizes=\"auto, (max-width: 706px) 89vw, (max-width: 767px) 82vw, 740px\" \/><\/a><figcaption><strong>Sonnenuntergang an der C\u00f4te Sauvage<\/strong><\/figcaption><\/figure>\n\n\n\n<p>An unserem Domizil in Port Haliguen wurden wir von unserem Vermieter-Ehepaar wie alte Bekannte sehr herzlich begr\u00fc\u00dft. Die beiden erkl\u00e4rten uns alle technischen Einzelheiten des offensichtlich neu erstellen Hauses. Herzst\u00fcck war auch hier die gro\u00dfe K\u00fcche mit der davor liegenden Terrasse und einer Grill-Plancha.<\/p>\n\n\n\n<figure class=\"wp-block-embed is-type-video is-provider-youtube wp-block-embed-youtube wp-embed-aspect-16-9 wp-has-aspect-ratio\"><div class=\"wp-block-embed__wrapper\">\n<iframe loading=\"lazy\" title=\"Der Ma\u00eetre an der Plancha\" width=\"525\" height=\"295\" src=\"https:\/\/www.youtube.com\/embed\/_5w4WXD6gZA?feature=oembed\" frameborder=\"0\" allow=\"accelerometer; autoplay; clipboard-write; encrypted-media; gyroscope; picture-in-picture; web-share\" referrerpolicy=\"strict-origin-when-cross-origin\" allowfullscreen><\/iframe>\n<\/div><\/figure>\n\n\n\n<p><strong>Ausflug in die mittelalterliche Stadt Vannes<\/strong>.<\/p>\n\n\n\n<p>Die Stadt Vannes liegt am Golf von Morbihan an der S\u00fcdk\u00fcste der Bretagne und wurde als Stadt der Kunst und Geschichte ausgezeichnet. Das gesamte Stadtbild ist sehenswert und bei einem Spaziergang durch die Altstadt kann man das mittelalterliche Flair erleben. <\/p>\n\n\n\n<p>Als besondere Sehensw\u00fcrdigkeiten gelten das Museum der sch\u00f6nen K\u00fcnste, das Arch\u00e4ologiemuseum, die Kathedrale von Saint-Pierre, die Fachwerkh\u00e4user und die Stadtmauer, wo sich an den Gr\u00e4ben weitl\u00e4ufige G\u00e4rten befinden. <\/p>\n\n\n\n<p>Wir beschr\u00e4nkten uns auf einen ausgedehnten Spaziergang durch die Altstadt und waren von dem mittelalterlichen Flair begeistert. Viele Gesch\u00e4fte laden zu einem Einkaufsbummel ein und Antje ist mit einem Rucksack auch f\u00fcndig geworden.<\/p>\n\n\n\n<figure class=\"wp-block-image size-large\"><a href=\"https:\/\/foto-guettler.de\/wp-content\/uploads\/2022\/01\/Reisebericht-Bretagne-2021-12.jpg\"><img loading=\"lazy\" decoding=\"async\" width=\"1024\" height=\"682\" src=\"https:\/\/foto-guettler.de\/wp-content\/uploads\/2022\/01\/Reisebericht-Bretagne-2021-12-1024x682.jpg\" alt=\"Reisebericht-Bretagne-2021\" class=\"wp-image-1467\" srcset=\"https:\/\/foto-guettler.de\/wp-content\/uploads\/2022\/01\/Reisebericht-Bretagne-2021-12-1024x682.jpg 1024w, https:\/\/foto-guettler.de\/wp-content\/uploads\/2022\/01\/Reisebericht-Bretagne-2021-12-300x200.jpg 300w, https:\/\/foto-guettler.de\/wp-content\/uploads\/2022\/01\/Reisebericht-Bretagne-2021-12-768x512.jpg 768w, https:\/\/foto-guettler.de\/wp-content\/uploads\/2022\/01\/Reisebericht-Bretagne-2021-12-1536x1024.jpg 1536w, https:\/\/foto-guettler.de\/wp-content\/uploads\/2022\/01\/Reisebericht-Bretagne-2021-12.jpg 2000w\" sizes=\"auto, (max-width: 706px) 89vw, (max-width: 767px) 82vw, 740px\" \/><\/a><figcaption><strong>Fachwerkh\u00e4user in Vannes<\/strong><\/figcaption><\/figure>\n\n\n\n<p><strong>Schiffspassage zu der Insel Houat<\/strong><\/p>\n\n\n\n<p>An unserem letzten Tag stand ein Ausflug mit dem Schiff zu der Insel Houat an. Die Passage dauert vom Hafen in Quiberon ungef\u00e4hr eine Stunde. Es empfiehlt sich, fr\u00fchzeitig eine \u00dcberfahrt zu den Inseln zu buchen, da die Schiffspassagen sehr beliebt sind. <\/p>\n\n\n\n<p>Kurz nach der Ankunft fing es an zu regnen, aber zum Gl\u00fcck fing sich das Wetter wieder und nachmittags gab es strahlendem Sonnenschein. Auf der kleinen Insel Houat gibt es einen Hafen und ein pittoreskes Dorf und ansonsten wundersch\u00f6ne Natur und Str\u00e4nde. <\/p>\n\n\n\n<p>Nachdem wir in einem etwas abgerockten Restaurant Essen waren, stand eine Wanderung auf dem Programm. H\u00f6hepunkt war eine ausgedehnte Pause inklusive Nickerchen an einem Traumstrand.<\/p>\n\n\n\n<figure class=\"wp-block-image size-large\"><a href=\"https:\/\/foto-guettler.de\/wp-content\/uploads\/2022\/01\/Reisebericht-Bretagne-2021-13.jpg\"><img loading=\"lazy\" decoding=\"async\" width=\"1024\" height=\"682\" src=\"https:\/\/foto-guettler.de\/wp-content\/uploads\/2022\/01\/Reisebericht-Bretagne-2021-13-1024x682.jpg\" alt=\"Reisebericht-Bretagne-2021\" class=\"wp-image-1468\" srcset=\"https:\/\/foto-guettler.de\/wp-content\/uploads\/2022\/01\/Reisebericht-Bretagne-2021-13-1024x682.jpg 1024w, https:\/\/foto-guettler.de\/wp-content\/uploads\/2022\/01\/Reisebericht-Bretagne-2021-13-300x200.jpg 300w, https:\/\/foto-guettler.de\/wp-content\/uploads\/2022\/01\/Reisebericht-Bretagne-2021-13-768x512.jpg 768w, https:\/\/foto-guettler.de\/wp-content\/uploads\/2022\/01\/Reisebericht-Bretagne-2021-13-1536x1024.jpg 1536w, https:\/\/foto-guettler.de\/wp-content\/uploads\/2022\/01\/Reisebericht-Bretagne-2021-13.jpg 2000w\" sizes=\"auto, (max-width: 706px) 89vw, (max-width: 767px) 82vw, 740px\" \/><\/a><figcaption><strong>Strand auf der Insel Houat, hier haben wir uns f\u00fcr eine ausgedehnte Pause niedergelassen \ud83d\ude42<\/strong><\/figcaption><\/figure>\n\n\n\n<p>Ein Besuch auf den Inseln ist wirklich empfehlenswert und sollte man sich nicht entgehen lassen.<\/p>\n\n\n\n<div class=\"wp-block-buttons is-layout-flex wp-block-buttons-is-layout-flex\">\n<div class=\"wp-block-button\"><a class=\"wp-block-button__link has-black-color has-white-background-color has-text-color has-background\" href=\"https:\/\/1drv.ms\/u\/s!AszhY-9LiFwP-iCoe7vFCbOAhGv3?e=wJCnLI\" target=\"_blank\" rel=\"noreferrer noopener\">Weitere Fotos aus Quiberon und Umgebung<\/a><\/div>\n<\/div>\n\n\n\n<p><\/p>\n","protected":false},"excerpt":{"rendered":"<p>Reisebericht Bretagne (Frankreich) 2021 Reise vom 03.09. bis 18.09.2021 F\u00fcr jeweils ein paar Tage besuchten wir die St\u00e4dte Saint-Malo, Camaret-sur-Mer und Quiberon und erkundeten dort die Umgebung. Die Reise haben wir mit unseren Freunden Kerstin und Peter unternommen. Die Geschichte der Bretagne reicht lange zur\u00fcck\u2026 Die ersten Siedler wurden vor ca. 6000 Jahren sesshaft und &hellip; <\/p>\n<p class=\"link-more\"><a href=\"https:\/\/foto-guettler.de\/?page_id=1469\" class=\"more-link\"><span class=\"screen-reader-text\">\u201eBretagne 2021\u201c <\/span>weiterlesen<\/a><\/p>\n","protected":false},"author":1,"featured_media":0,"parent":0,"menu_order":0,"comment_status":"open","ping_status":"closed","template":"","meta":{"ngg_post_thumbnail":0,"footnotes":""},"class_list":["post-1469","page","type-page","status-publish","hentry"],"jetpack_sharing_enabled":true,"_links":{"self":[{"href":"https:\/\/foto-guettler.de\/index.php?rest_route=\/wp\/v2\/pages\/1469","targetHints":{"allow":["GET"]}}],"collection":[{"href":"https:\/\/foto-guettler.de\/index.php?rest_route=\/wp\/v2\/pages"}],"about":[{"href":"https:\/\/foto-guettler.de\/index.php?rest_route=\/wp\/v2\/types\/page"}],"author":[{"embeddable":true,"href":"https:\/\/foto-guettler.de\/index.php?rest_route=\/wp\/v2\/users\/1"}],"replies":[{"embeddable":true,"href":"https:\/\/foto-guettler.de\/index.php?rest_route=%2Fwp%2Fv2%2Fcomments&post=1469"}],"version-history":[{"count":0,"href":"https:\/\/foto-guettler.de\/index.php?rest_route=\/wp\/v2\/pages\/1469\/revisions"}],"wp:attachment":[{"href":"https:\/\/foto-guettler.de\/index.php?rest_route=%2Fwp%2Fv2%2Fmedia&parent=1469"}],"curies":[{"name":"wp","href":"https:\/\/api.w.org\/{rel}","templated":true}]}}