{"id":2139,"date":"2024-11-16T15:00:34","date_gmt":"2024-11-16T15:00:34","guid":{"rendered":"https:\/\/foto-guettler.de\/?page_id=2139"},"modified":"2024-11-17T14:45:38","modified_gmt":"2024-11-17T14:45:38","slug":"kalender-2025","status":"publish","type":"page","link":"https:\/\/foto-guettler.de\/?page_id=2139","title":{"rendered":"Kalender-2025"},"content":{"rendered":"\n<p>Korsika<\/p>\n\n\n\n<p>Eindr\u00fccke von den Bergen, St\u00e4dten und Str\u00e4nden der Mittelmeer Insel Korsika<\/p>\n\n\n\nngg_shortcode_0_placeholder\n\n\n\n<p>Bars dieser Welt<\/p>\n\n\n\n<p>Eine Auswahl von unterschiedlichen Bars aus verschiedenen L\u00e4ndern. Eine Serie die ich seit 2013 aufbaue &#8211; hier ein Best of&#8230;<\/p>\n\n\n\nngg_shortcode_1_placeholder\n","protected":false},"excerpt":{"rendered":"<p>Korsika Eindr\u00fccke von den Bergen, St\u00e4dten und Str\u00e4nden der Mittelmeer Insel Korsika Bars dieser Welt Eine Auswahl von unterschiedlichen Bars aus verschiedenen L\u00e4ndern. Eine Serie die ich seit 2013 aufbaue &#8211; hier ein Best of&#8230;<\/p>\n","protected":false},"author":1,"featured_media":0,"parent":0,"menu_order":0,"comment_status":"closed","ping_status":"closed","template":"","meta":{"ngg_post_thumbnail":0,"footnotes":""},"class_list":["post-2139","page","type-page","status-publish","hentry"],"jetpack_sharing_enabled":true,"_links":{"self":[{"href":"https:\/\/foto-guettler.de\/index.php?rest_route=\/wp\/v2\/pages\/2139","targetHints":{"allow":["GET"]}}],"collection":[{"href":"https:\/\/foto-guettler.de\/index.php?rest_route=\/wp\/v2\/pages"}],"about":[{"href":"https:\/\/foto-guettler.de\/index.php?rest_route=\/wp\/v2\/types\/page"}],"author":[{"embeddable":true,"href":"https:\/\/foto-guettler.de\/index.php?rest_route=\/wp\/v2\/users\/1"}],"replies":[{"embeddable":true,"href":"https:\/\/foto-guettler.de\/index.php?rest_route=%2Fwp%2Fv2%2Fcomments&post=2139"}],"version-history":[{"count":4,"href":"https:\/\/foto-guettler.de\/index.php?rest_route=\/wp\/v2\/pages\/2139\/revisions"}],"predecessor-version":[{"id":2193,"href":"https:\/\/foto-guettler.de\/index.php?rest_route=\/wp\/v2\/pages\/2139\/revisions\/2193"}],"wp:attachment":[{"href":"https:\/\/foto-guettler.de\/index.php?rest_route=%2Fwp%2Fv2%2Fmedia&parent=2139"}],"curies":[{"name":"wp","href":"https:\/\/api.w.org\/{rel}","templated":true}]}}