{"id":2351,"date":"2025-12-25T23:31:48","date_gmt":"2025-12-25T23:31:48","guid":{"rendered":"https:\/\/foto-guettler.de\/?page_id=2351"},"modified":"2025-12-25T23:31:48","modified_gmt":"2025-12-25T23:31:48","slug":"kalender-2026","status":"publish","type":"page","link":"https:\/\/foto-guettler.de\/?page_id=2351","title":{"rendered":"Kalender-2026"},"content":{"rendered":"\n<p>Wildes Herz des S\u00fcdens &#8211; Lesotho und S\u00fcdafrika<\/p>\n\n\n\n<p>Eindr\u00fccke von der Urlaubsreise ins s\u00fcdliche Afrika von 2025<\/p>\n\n\n\nngg_shortcode_0_placeholder\n","protected":false},"excerpt":{"rendered":"<p>Wildes Herz des S\u00fcdens &#8211; Lesotho und S\u00fcdafrika Eindr\u00fccke von der Urlaubsreise ins s\u00fcdliche Afrika von 2025<\/p>\n","protected":false},"author":1,"featured_media":0,"parent":0,"menu_order":0,"comment_status":"closed","ping_status":"closed","template":"","meta":{"ngg_post_thumbnail":0,"footnotes":""},"class_list":["post-2351","page","type-page","status-publish","hentry"],"jetpack_sharing_enabled":true,"_links":{"self":[{"href":"https:\/\/foto-guettler.de\/index.php?rest_route=\/wp\/v2\/pages\/2351","targetHints":{"allow":["GET"]}}],"collection":[{"href":"https:\/\/foto-guettler.de\/index.php?rest_route=\/wp\/v2\/pages"}],"about":[{"href":"https:\/\/foto-guettler.de\/index.php?rest_route=\/wp\/v2\/types\/page"}],"author":[{"embeddable":true,"href":"https:\/\/foto-guettler.de\/index.php?rest_route=\/wp\/v2\/users\/1"}],"replies":[{"embeddable":true,"href":"https:\/\/foto-guettler.de\/index.php?rest_route=%2Fwp%2Fv2%2Fcomments&post=2351"}],"version-history":[{"count":2,"href":"https:\/\/foto-guettler.de\/index.php?rest_route=\/wp\/v2\/pages\/2351\/revisions"}],"predecessor-version":[{"id":2380,"href":"https:\/\/foto-guettler.de\/index.php?rest_route=\/wp\/v2\/pages\/2351\/revisions\/2380"}],"wp:attachment":[{"href":"https:\/\/foto-guettler.de\/index.php?rest_route=%2Fwp%2Fv2%2Fmedia&parent=2351"}],"curies":[{"name":"wp","href":"https:\/\/api.w.org\/{rel}","templated":true}]}}