{"id":31,"date":"2019-11-07T19:30:41","date_gmt":"2019-11-07T19:30:41","guid":{"rendered":"http:\/\/foto-guettler.de\/?page_id=31"},"modified":"2020-02-24T07:44:10","modified_gmt":"2020-02-24T07:44:10","slug":"ueber-uns","status":"publish","type":"page","link":"https:\/\/foto-guettler.de\/?page_id=31","title":{"rendered":"\u00dcber uns"},"content":{"rendered":"\n<p>Antje\n&amp; Stefan oder Wir \u00fcber uns<\/p>\n\n\n\n<p>Wir reisen gerne und haben Spa\u00df daran, andere L\u00e4nder und Kulturen zu entdecken. Stefan ist schon seit den fr\u00fchen 2000er Jahren begeisterter Amateur-Fotograf und hat mich dann als wir uns Anfang 2015 kennengelernt haben, mit seiner Fotografie-Leidenschaft angesteckt. Wir beide essen gerne gut und kochen h\u00e4ufig zusammen. Manche Ergebnisse und Erkenntnisse wollen wir hier (noch) verewigen.<\/p>\n\n\n\n<figure class=\"wp-block-image size-large\"><a href=\"https:\/\/foto-guettler.de\/wp-content\/uploads\/2020\/02\/UeberUns-01.jpg\"><img loading=\"lazy\" decoding=\"async\" width=\"1024\" height=\"768\" src=\"https:\/\/foto-guettler.de\/wp-content\/uploads\/2020\/02\/UeberUns-01-1024x768.jpg\" alt=\"UeberUns\" class=\"wp-image-701\" srcset=\"https:\/\/foto-guettler.de\/wp-content\/uploads\/2020\/02\/UeberUns-01-1024x768.jpg 1024w, https:\/\/foto-guettler.de\/wp-content\/uploads\/2020\/02\/UeberUns-01-300x225.jpg 300w, https:\/\/foto-guettler.de\/wp-content\/uploads\/2020\/02\/UeberUns-01-768x576.jpg 768w, https:\/\/foto-guettler.de\/wp-content\/uploads\/2020\/02\/UeberUns-01-1536x1152.jpg 1536w, https:\/\/foto-guettler.de\/wp-content\/uploads\/2020\/02\/UeberUns-01.jpg 2000w\" sizes=\"auto, (max-width: 706px) 89vw, (max-width: 767px) 82vw, 740px\" \/><\/a><figcaption>Antje und Stefan<\/figcaption><\/figure>\n\n\n\n<p>Kurzum, wir haben diese Website erstellt, um Eindr\u00fccke, Erinnerungen oder Entdeckungen \u00fcber unsere Hobbies Fotografie, Reisen und Essen und Trinken festzuhalten. Manchmal halten wir eine Reise mit unseren Fotos, Erinnerungen und Informationen aus offen zug\u00e4nglichen Quellen fest, um daraus auch f\u00fcr uns eine Art dauerhaftes Archiv und digitales Fotoalbum zu erstellen.&nbsp;<\/p>\n\n\n\n<p>Die Website betreiben wir als reines Hobby und f\u00fcllen sie mit Fotos und Text, wann immer wir Zeit und Lust dazu haben.<\/p>\n\n\n\n<p>Feedback ist uns immer willkommen, bitte dazu die Kommentarfunktion nutzen welche auf allen Seiten und Beitr\u00e4gen vorhanden ist oder eine mail an:<\/p>\n\n\n\n<a href=\"mailto:sg67@gmx.de\">sg67@gmx.de<\/a>\n\n\n\n<p><\/p>\n\n\n\n<p>schicken.<\/p>\n","protected":false},"excerpt":{"rendered":"<p>Antje &amp; Stefan oder Wir \u00fcber uns Wir reisen gerne und haben Spa\u00df daran, andere L\u00e4nder und Kulturen zu entdecken. Stefan ist schon seit den fr\u00fchen 2000er Jahren begeisterter Amateur-Fotograf und hat mich dann als wir uns Anfang 2015 kennengelernt haben, mit seiner Fotografie-Leidenschaft angesteckt. Wir beide essen gerne gut und kochen h\u00e4ufig zusammen. Manche &hellip; <\/p>\n<p class=\"link-more\"><a href=\"https:\/\/foto-guettler.de\/?page_id=31\" class=\"more-link\"><span class=\"screen-reader-text\">\u201e\u00dcber uns\u201c <\/span>weiterlesen<\/a><\/p>\n","protected":false},"author":1,"featured_media":0,"parent":0,"menu_order":0,"comment_status":"open","ping_status":"closed","template":"","meta":{"ngg_post_thumbnail":0,"footnotes":""},"class_list":["post-31","page","type-page","status-publish","hentry"],"jetpack_sharing_enabled":true,"_links":{"self":[{"href":"https:\/\/foto-guettler.de\/index.php?rest_route=\/wp\/v2\/pages\/31","targetHints":{"allow":["GET"]}}],"collection":[{"href":"https:\/\/foto-guettler.de\/index.php?rest_route=\/wp\/v2\/pages"}],"about":[{"href":"https:\/\/foto-guettler.de\/index.php?rest_route=\/wp\/v2\/types\/page"}],"author":[{"embeddable":true,"href":"https:\/\/foto-guettler.de\/index.php?rest_route=\/wp\/v2\/users\/1"}],"replies":[{"embeddable":true,"href":"https:\/\/foto-guettler.de\/index.php?rest_route=%2Fwp%2Fv2%2Fcomments&post=31"}],"version-history":[{"count":0,"href":"https:\/\/foto-guettler.de\/index.php?rest_route=\/wp\/v2\/pages\/31\/revisions"}],"wp:attachment":[{"href":"https:\/\/foto-guettler.de\/index.php?rest_route=%2Fwp%2Fv2%2Fmedia&parent=31"}],"curies":[{"name":"wp","href":"https:\/\/api.w.org\/{rel}","templated":true}]}}