{"id":41,"date":"2019-11-07T19:36:49","date_gmt":"2019-11-07T19:36:49","guid":{"rendered":"http:\/\/foto-guettler.de\/?page_id=41"},"modified":"2024-12-31T12:36:32","modified_gmt":"2024-12-31T12:36:32","slug":"reisen","status":"publish","type":"page","link":"https:\/\/foto-guettler.de\/?page_id=41","title":{"rendered":"Reisen"},"content":{"rendered":"\n<p>Wir entdecken gerne andere L\u00e4nder, St\u00e4dte und lernen&nbsp; auch gerne andere Kulturen und Menschen kennen. Reisen sind spannend, erweitern den Horizont und vergr\u00f6\u00dfern den eigenen Erfahrungsschatz.<\/p>\n\n\n\n<p>Wir reisen am liebsten individuell, gerne mit dem Auto von einem Ort zum n\u00e4chsten und k\u00f6nnen so \u00fcberall anhalten, wo die Motive am sch\u00f6nsten sind.<\/p>\n\n\n\n<p>Damit die Erinnerungen an Orte, Menschen, Erlebnisse und Begebenheiten nicht so schnell verblassen, haben wir nach den Reisen begonnen, ein r\u00fcckblickendes Tagebuch, eine Art Reisebericht zu schreiben.<\/p>\n\n\n\n<p>Den Anfang haben die Reisen in 2019 und 2018 nach Namibia und S\u00fcdafrika gemacht. Als n\u00e4chstes beschreiben wir unseren 4w\u00f6chigen Aufenthalt in S\u00fcdafrika aus 2017. Aus 2020 wird es wohl keinen gr\u00f6\u00dferen Reisebericht geben. Unseren urspr\u00fcnglichen Plan einer dreiw\u00f6chigen Reise durch das n\u00f6rdliche S\u00fcdafrika mit Swasiland und erstmals auch Kr\u00fcger-Nationalpark mussten wir wegen der Corona-Situation aufgeben. Aber wie sagt man, aufgeschoben ist nicht aufgehoben&#8230;.<\/p>\n\n\n\n<p>In 2023 war es dann endlich soweit &#8211; die geplante Reise von 2020 durch das n\u00f6rdliche S\u00fcdafrika konnte in weiten Teilen wie geplant durchgef\u00fchrt werden.<\/p>\n\n\n\n<h3 class=\"wp-block-heading\">Frankreich<\/h3>\n\n\n\n<div class=\"wp-block-buttons is-layout-flex wp-block-buttons-is-layout-flex\">\n<div class=\"wp-block-button\"><a class=\"wp-block-button__link wp-element-button\" href=\"https:\/\/foto-guettler.de\/?page_id=2194\">Korsika 2024<\/a><\/div>\n<\/div>\n\n\n\n<div style=\"height:36px\" aria-hidden=\"true\" class=\"wp-block-spacer\"><\/div>\n\n\n\n<div class=\"wp-block-buttons is-layout-flex wp-block-buttons-is-layout-flex\">\n<div class=\"wp-block-button\"><a class=\"wp-block-button__link wp-element-button\" href=\"https:\/\/foto-guettler.de\/?page_id=1586\">Rundreise Frankreich 2022 <\/a><\/div>\n<\/div>\n\n\n\n<div style=\"height:30px\" aria-hidden=\"true\" class=\"wp-block-spacer\"><\/div>\n\n\n\n<div class=\"wp-block-buttons is-layout-flex wp-block-buttons-is-layout-flex\">\n<div class=\"wp-block-button is-style-fill\"><a class=\"wp-block-button__link has-black-color has-white-background-color has-text-color has-background wp-element-button\" href=\"https:\/\/foto-guettler.de\/?page_id=1469\">Bretagne 2021<\/a><\/div>\n<\/div>\n\n\n\n<h3 class=\"wp-block-heading\">Afrika<\/h3>\n\n\n\n<div class=\"wp-block-buttons is-layout-flex wp-block-buttons-is-layout-flex\">\n<div class=\"wp-block-button\"><a class=\"wp-block-button__link wp-element-button\" href=\"https:\/\/foto-guettler.de\/?page_id=1716\">S\u00fcdafrika 2023<\/a><\/div>\n<\/div>\n\n\n\n<div style=\"height:29px\" aria-hidden=\"true\" class=\"wp-block-spacer\"><\/div>\n\n\n\n<div class=\"wp-block-button has-custom-width wp-block-button__width-50\"><a class=\"wp-block-button__link has-black-color has-white-background-color has-text-color has-background wp-element-button\" href=\"https:\/\/foto-guettler.de\/?page_id=539\">N\u00f6rdliches Namibia 2019 <\/a><\/div>\n\n\n\n<div style=\"height:26px\" aria-hidden=\"true\" class=\"wp-block-spacer\"><\/div>\n\n\n\n<div class=\"wp-block-button has-custom-width wp-block-button__width-50\"><a class=\"wp-block-button__link has-black-color has-white-background-color has-text-color has-background wp-element-button\" href=\"https:\/\/foto-guettler.de\/?page_id=56\">S\u00fcdliches Namibia  und S\u00fcdafrika 2018<\/a><\/div>\n\n\n\n<div style=\"height:29px\" aria-hidden=\"true\" class=\"wp-block-spacer\"><\/div>\n\n\n\n<div class=\"wp-block-buttons is-layout-flex wp-block-buttons-is-layout-flex\">\n<div class=\"wp-block-button\"><a class=\"wp-block-button__link has-black-color has-white-background-color has-text-color has-background wp-element-button\" href=\"https:\/\/foto-guettler.de\/?page_id=911\">S\u00fcdafrika 2017<\/a><\/div>\n<\/div>\n\n\n\n<h2 class=\"wp-block-heading\"><\/h2>\n","protected":false},"excerpt":{"rendered":"<p>Wir entdecken gerne andere L\u00e4nder, St\u00e4dte und lernen&nbsp; auch gerne andere Kulturen und Menschen kennen. Reisen sind spannend, erweitern den Horizont und vergr\u00f6\u00dfern den eigenen Erfahrungsschatz. Wir reisen am liebsten individuell, gerne mit dem Auto von einem Ort zum n\u00e4chsten und k\u00f6nnen so \u00fcberall anhalten, wo die Motive am sch\u00f6nsten sind. Damit die Erinnerungen an &hellip; <\/p>\n<p class=\"link-more\"><a href=\"https:\/\/foto-guettler.de\/?page_id=41\" class=\"more-link\"><span class=\"screen-reader-text\">\u201eReisen\u201c <\/span>weiterlesen<\/a><\/p>\n","protected":false},"author":1,"featured_media":0,"parent":0,"menu_order":0,"comment_status":"closed","ping_status":"closed","template":"","meta":{"ngg_post_thumbnail":0,"footnotes":""},"class_list":["post-41","page","type-page","status-publish","hentry"],"jetpack_sharing_enabled":true,"_links":{"self":[{"href":"https:\/\/foto-guettler.de\/index.php?rest_route=\/wp\/v2\/pages\/41","targetHints":{"allow":["GET"]}}],"collection":[{"href":"https:\/\/foto-guettler.de\/index.php?rest_route=\/wp\/v2\/pages"}],"about":[{"href":"https:\/\/foto-guettler.de\/index.php?rest_route=\/wp\/v2\/types\/page"}],"author":[{"embeddable":true,"href":"https:\/\/foto-guettler.de\/index.php?rest_route=\/wp\/v2\/users\/1"}],"replies":[{"embeddable":true,"href":"https:\/\/foto-guettler.de\/index.php?rest_route=%2Fwp%2Fv2%2Fcomments&post=41"}],"version-history":[{"count":3,"href":"https:\/\/foto-guettler.de\/index.php?rest_route=\/wp\/v2\/pages\/41\/revisions"}],"predecessor-version":[{"id":2338,"href":"https:\/\/foto-guettler.de\/index.php?rest_route=\/wp\/v2\/pages\/41\/revisions\/2338"}],"wp:attachment":[{"href":"https:\/\/foto-guettler.de\/index.php?rest_route=%2Fwp%2Fv2%2Fmedia&parent=41"}],"curies":[{"name":"wp","href":"https:\/\/api.w.org\/{rel}","templated":true}]}}