{"id":56,"date":"2019-11-07T20:14:33","date_gmt":"2019-11-07T20:14:33","guid":{"rendered":"http:\/\/foto-guettler.de\/?page_id=56"},"modified":"2026-04-20T18:37:41","modified_gmt":"2026-04-20T18:37:41","slug":"afrika-2018","status":"publish","type":"page","link":"https:\/\/foto-guettler.de\/?page_id=56","title":{"rendered":"Afrika-2018"},"content":{"rendered":"\n<p>Reisebericht Namibia und S\u00fcdafrika<\/p>\n\n\n\n<p>Reise vom 26. Mai bis 17. Juni 2018, davon 4 Tage Pilanesberg in S\u00fcdafrika<\/p>\n\n\n\n<figure class=\"wp-block-image size-full\"><a href=\"https:\/\/foto-guettler.de\/wp-content\/uploads\/2019\/11\/Afrika-2018-Landkarte-01.jpg\"><img loading=\"lazy\" decoding=\"async\" width=\"1024\" height=\"1024\" src=\"https:\/\/foto-guettler.de\/wp-content\/uploads\/2019\/11\/Afrika-2018-Landkarte-01.jpg\" alt=\"\" class=\"wp-image-59\" srcset=\"https:\/\/foto-guettler.de\/wp-content\/uploads\/2019\/11\/Afrika-2018-Landkarte-01.jpg 1024w, https:\/\/foto-guettler.de\/wp-content\/uploads\/2019\/11\/Afrika-2018-Landkarte-01-150x150.jpg 150w, https:\/\/foto-guettler.de\/wp-content\/uploads\/2019\/11\/Afrika-2018-Landkarte-01-300x300.jpg 300w, https:\/\/foto-guettler.de\/wp-content\/uploads\/2019\/11\/Afrika-2018-Landkarte-01-768x768.jpg 768w, https:\/\/foto-guettler.de\/wp-content\/uploads\/2019\/11\/Afrika-2018-Landkarte-01-100x100.jpg 100w\" sizes=\"auto, (max-width: 706px) 89vw, (max-width: 767px) 82vw, 740px\" \/><\/a><figcaption class=\"wp-element-caption\"><strong>Namibia und S\u00fcdafrika<\/strong><\/figcaption><\/figure>\n\n\n\n<figure class=\"wp-block-image size-large\"><a href=\"https:\/\/foto-guettler.de\/wp-content\/uploads\/2019\/11\/Afrika-2018-Landkarte-02-1.jpg\"><img loading=\"lazy\" decoding=\"async\" width=\"1024\" height=\"659\" src=\"https:\/\/foto-guettler.de\/wp-content\/uploads\/2019\/11\/Afrika-2018-Landkarte-02-1-1024x659.jpg\" alt=\"\" class=\"wp-image-60\" srcset=\"https:\/\/foto-guettler.de\/wp-content\/uploads\/2019\/11\/Afrika-2018-Landkarte-02-1-1024x659.jpg 1024w, https:\/\/foto-guettler.de\/wp-content\/uploads\/2019\/11\/Afrika-2018-Landkarte-02-1-300x193.jpg 300w, https:\/\/foto-guettler.de\/wp-content\/uploads\/2019\/11\/Afrika-2018-Landkarte-02-1-768x494.jpg 768w, https:\/\/foto-guettler.de\/wp-content\/uploads\/2019\/11\/Afrika-2018-Landkarte-02-1.jpg 1920w\" sizes=\"auto, (max-width: 706px) 89vw, (max-width: 767px) 82vw, 740px\" \/><\/a><figcaption class=\"wp-element-caption\">Reiseroute<\/figcaption><\/figure>\n\n\n\n<p>Highlights unserer Reise waren die Kalahari, der K\u00f6cherbaumwald bei Keetmanshoop, der Fishriver Canyon, die Wildpferde von Garub, L\u00fcderitz mit Katamaran Tour, die Geisterstadt Kolmannskuppe, das Sossusvlei in der Namib W\u00fcste und Pilanesberg in S\u00fcdafrika.<\/p>\n\n\n\n<p>Die Reise haben wir mit unseren Freunden unternommen &#8211; insgesamt waren wir zu sechst. Stefan, Peter, Antje, Claudia, Georg und Kerstin.<\/p>\n\n\n\n<figure class=\"wp-block-image size-large\"><a href=\"https:\/\/foto-guettler.de\/wp-content\/uploads\/2020\/02\/Reisegruppe-Namibia-2018-01.jpg\"><img loading=\"lazy\" decoding=\"async\" width=\"1024\" height=\"682\" src=\"https:\/\/foto-guettler.de\/wp-content\/uploads\/2020\/02\/Reisegruppe-Namibia-2018-01-1024x682.jpg\" alt=\"Reisebericht-Afrika-2018, Reisegruppe\" class=\"wp-image-677\" srcset=\"https:\/\/foto-guettler.de\/wp-content\/uploads\/2020\/02\/Reisegruppe-Namibia-2018-01-1024x682.jpg 1024w, https:\/\/foto-guettler.de\/wp-content\/uploads\/2020\/02\/Reisegruppe-Namibia-2018-01-300x200.jpg 300w, https:\/\/foto-guettler.de\/wp-content\/uploads\/2020\/02\/Reisegruppe-Namibia-2018-01-768x512.jpg 768w, https:\/\/foto-guettler.de\/wp-content\/uploads\/2020\/02\/Reisegruppe-Namibia-2018-01-1536x1024.jpg 1536w, https:\/\/foto-guettler.de\/wp-content\/uploads\/2020\/02\/Reisegruppe-Namibia-2018-01.jpg 2000w\" sizes=\"auto, (max-width: 706px) 89vw, (max-width: 767px) 82vw, 740px\" \/><\/a><figcaption class=\"wp-element-caption\">Die Reisegruppe<\/figcaption><\/figure>\n\n\n\n<p>Unsere erste Station war die Okambara Elephant Lodge. Der erste Gamedrive zum Sonnenuntergang war sehr beeindruckend. Wir konnten eine badende Elefantenherde, Nash\u00f6rner und Giraffen beobachten. Die Nash\u00f6rner waren nur ein paar Meter von dem offenen Gel\u00e4ndewagen entfernt. Weiterhin konnte man das Gehege von einem Karakal-P\u00e4rchen betreten.<br><a rel=\"noreferrer noopener\" href=\"https:\/\/okambara.de\" target=\"_blank\">https:\/\/okambara.de<\/a><\/p>\n\n\n\n<p>Antje und ich hatten uns f\u00fcr einen Renault Duster als Leihwagen entschieden. Mit diesem Auto, es hatte Allradantrieb und auch ausreichend Bodenfreiheit, konnte man die Schotterpisten gut befahren.<\/p>\n\n\n\n<figure class=\"wp-block-image size-large\"><a href=\"https:\/\/foto-guettler.de\/wp-content\/uploads\/2019\/12\/Reisebericht-Afrika-2018-01-2.jpg\"><img loading=\"lazy\" decoding=\"async\" width=\"1024\" height=\"768\" src=\"https:\/\/foto-guettler.de\/wp-content\/uploads\/2019\/12\/Reisebericht-Afrika-2018-01-2-1024x768.jpg\" alt=\"Reisebericht-Afrika-2018, Reifenpanne\" class=\"wp-image-453\" srcset=\"https:\/\/foto-guettler.de\/wp-content\/uploads\/2019\/12\/Reisebericht-Afrika-2018-01-2-1024x768.jpg 1024w, https:\/\/foto-guettler.de\/wp-content\/uploads\/2019\/12\/Reisebericht-Afrika-2018-01-2-300x225.jpg 300w, https:\/\/foto-guettler.de\/wp-content\/uploads\/2019\/12\/Reisebericht-Afrika-2018-01-2-768x576.jpg 768w, https:\/\/foto-guettler.de\/wp-content\/uploads\/2019\/12\/Reisebericht-Afrika-2018-01-2-1536x1152.jpg 1536w, https:\/\/foto-guettler.de\/wp-content\/uploads\/2019\/12\/Reisebericht-Afrika-2018-01-2-2048x1536.jpg 2048w\" sizes=\"auto, (max-width: 706px) 89vw, (max-width: 767px) 82vw, 740px\" \/><\/a><figcaption class=\"wp-element-caption\">Reifenpanne<\/figcaption><\/figure>\n\n\n\n<p>Eine Reifenpanne ist in Namibia nichts ungew\u00f6hnliches, gerade wenn man viel auf Schotterpisten unterwegs ist. Es empfiehlt sich bei der \u00dcbergabe zu pr\u00fcfen, ob alles f\u00fcr einen Reifenwechsel in einem einwandfreien Zustand vorhanden ist.<\/p>\n\n\n\n<p>Die Kalahari ist eine Trockensavanne und wird wegen des vorherrschenden Sandes auch als W\u00fcste bezeichnet. Sie erstreckt sich von Namibia bis Botswana. Die Kalahari ist das heutige Siedlungsgebiet der San Volksgruppe.<\/p>\n\n\n\n<figure class=\"wp-block-image size-large\"><a href=\"https:\/\/foto-guettler.de\/wp-content\/uploads\/2019\/12\/Reisebericht-Afrika-2018-01.jpg\"><img loading=\"lazy\" decoding=\"async\" width=\"1024\" height=\"683\" src=\"https:\/\/foto-guettler.de\/wp-content\/uploads\/2019\/12\/Reisebericht-Afrika-2018-01-1024x683.jpg\" alt=\"Reisebericht-Afrika-2018, Kalahari\" class=\"wp-image-452\" srcset=\"https:\/\/foto-guettler.de\/wp-content\/uploads\/2019\/12\/Reisebericht-Afrika-2018-01-1024x683.jpg 1024w, https:\/\/foto-guettler.de\/wp-content\/uploads\/2019\/12\/Reisebericht-Afrika-2018-01-300x200.jpg 300w, https:\/\/foto-guettler.de\/wp-content\/uploads\/2019\/12\/Reisebericht-Afrika-2018-01-768x512.jpg 768w, https:\/\/foto-guettler.de\/wp-content\/uploads\/2019\/12\/Reisebericht-Afrika-2018-01-1536x1024.jpg 1536w, https:\/\/foto-guettler.de\/wp-content\/uploads\/2019\/12\/Reisebericht-Afrika-2018-01-2048x1366.jpg 2048w\" sizes=\"auto, (max-width: 706px) 89vw, (max-width: 767px) 82vw, 740px\" \/><\/a><figcaption class=\"wp-element-caption\">Kalahari<\/figcaption><\/figure>\n\n\n\n<p>In dieser au\u00dfergew\u00f6hnlichen Umgebung haben wir in der Teufelskrallen Tented Lodge, also einem Hauszelt \u00fcbernachtet. Dusche und WC waren in einem separaten, relativ offenen H\u00e4uschen untergebracht, das \u00fcber einen Steg vom Zelt zu begehen war.<\/p>\n\n\n\n<p>Der K\u00f6cherbaumwald von Keetmanshoop bietet eine gr\u00f6\u00dfere Ansammlung von K\u00f6cherb\u00e4umen. Ein K\u00f6cherbaum ist eigentlich kein Baum, sondern eine Kakteen-Art, die wie ein Baum aussieht.<\/p>\n\n\n\n<figure class=\"wp-block-image size-large\"><a href=\"https:\/\/foto-guettler.de\/wp-content\/uploads\/2019\/12\/Reisebericht-Afrika-2018-02.jpg\"><img loading=\"lazy\" decoding=\"async\" width=\"1024\" height=\"683\" src=\"https:\/\/foto-guettler.de\/wp-content\/uploads\/2019\/12\/Reisebericht-Afrika-2018-02-1024x683.jpg\" alt=\"Reisebericht-Afrika-2018, K\u00f6cherbaum, Keetmannshoop\" class=\"wp-image-454\" srcset=\"https:\/\/foto-guettler.de\/wp-content\/uploads\/2019\/12\/Reisebericht-Afrika-2018-02-1024x683.jpg 1024w, https:\/\/foto-guettler.de\/wp-content\/uploads\/2019\/12\/Reisebericht-Afrika-2018-02-300x200.jpg 300w, https:\/\/foto-guettler.de\/wp-content\/uploads\/2019\/12\/Reisebericht-Afrika-2018-02-768x512.jpg 768w, https:\/\/foto-guettler.de\/wp-content\/uploads\/2019\/12\/Reisebericht-Afrika-2018-02-1536x1024.jpg 1536w, https:\/\/foto-guettler.de\/wp-content\/uploads\/2019\/12\/Reisebericht-Afrika-2018-02-2048x1366.jpg 2048w\" sizes=\"auto, (max-width: 706px) 89vw, (max-width: 767px) 82vw, 740px\" \/><\/a><figcaption class=\"wp-element-caption\">K\u00f6cherb\u00e4ume<\/figcaption><\/figure>\n\n\n\n<p>Der Fishriver Canyon ist nach dem Grand Canyon der zweitgr\u00f6\u00dfte Canyon weltweit. Er erstreckt sich auf einer L\u00e4nge von 160 km, ist bis zu 27 km breit und 550 Meter tief.<\/p>\n\n\n\nngg_shortcode_0_placeholder\n\n\n\n<p>Wir hatten die M\u00f6glichkeit von der Fish River Lodge einen gef\u00fchrten Ausflug mit einem Gel\u00e4ndewagen bis ganz unten in den Canyon zu unternehmen. In dem Canyon kann es sehr hei\u00df werden, es wurden schon um die 50 Grad Celsius gemessen. Der Fishriver m\u00fcndet in den Oranje, dem Grenzfluss zu S\u00fcdafrika.<br><a aria-label=\" www.fishriverlodge-namibia.com (opens in a new tab)\" href=\"http:\/\/www.fishriverlodge-namibia.com\" target=\"_blank\" rel=\"noreferrer noopener\"> www.fishriverlodge-namibia.com<\/a><\/p>\n\n\n\n<p>Die Wildpferde von Garub sind ausgewilderte Hauspferde. Sie haben sich \u00fcber die Zeit an das karge Leben angepasst. An einer k\u00fcnstliche Tr\u00e4nke bei Garub kann man sie beobachten. Die Pferde sind vom Aussterben bedroht, was der D\u00fcrre und Zunahme der Hy\u00e4nen geschuldet ist. Die Fohlen sind f\u00fcr die Hy\u00e4nen eine leichte Beute. Die Wildpferde sind in ihrem Lebensraum \u201egefangen\u201c, weil es in einem weiten Umkreis kein Wasser gibt. Da ein Pferd regelm\u00e4\u00dfig trinken muss, k\u00f6nnen sie dem kargen und lebensfeindlichen Umfeld nicht entkommen.<\/p>\n\n\n\n<figure class=\"wp-block-image size-large\"><a href=\"https:\/\/foto-guettler.de\/wp-content\/uploads\/2019\/12\/Reisebericht-Afrika-2018-01-3.jpg\"><img loading=\"lazy\" decoding=\"async\" width=\"1024\" height=\"683\" src=\"https:\/\/foto-guettler.de\/wp-content\/uploads\/2019\/12\/Reisebericht-Afrika-2018-01-3-1024x683.jpg\" alt=\"Reisebericht-Afrika-2018, Wildpferde von Garub\" class=\"wp-image-473\" srcset=\"https:\/\/foto-guettler.de\/wp-content\/uploads\/2019\/12\/Reisebericht-Afrika-2018-01-3-1024x683.jpg 1024w, https:\/\/foto-guettler.de\/wp-content\/uploads\/2019\/12\/Reisebericht-Afrika-2018-01-3-300x200.jpg 300w, https:\/\/foto-guettler.de\/wp-content\/uploads\/2019\/12\/Reisebericht-Afrika-2018-01-3-768x512.jpg 768w, https:\/\/foto-guettler.de\/wp-content\/uploads\/2019\/12\/Reisebericht-Afrika-2018-01-3-1536x1024.jpg 1536w, https:\/\/foto-guettler.de\/wp-content\/uploads\/2019\/12\/Reisebericht-Afrika-2018-01-3-2048x1366.jpg 2048w\" sizes=\"auto, (max-width: 706px) 89vw, (max-width: 767px) 82vw, 740px\" \/><\/a><figcaption class=\"wp-element-caption\">Wildpferde von Garub<\/figcaption><\/figure>\n\n\n\n<p>Wir waren in der  Klein Aus Vista Lodge in dem Chalet Eagles Nest untergebracht. Von der Lodge waren es noch 7 km zum Chalet inmitten der weiten Landschaft.<br><a aria-label=\" (opens in a new tab)\" href=\"http:\/\/www.klein-aus-vista.com\/de\/unterkunft\/eagles-nest-chalets\/\" target=\"_blank\" rel=\"noreferrer noopener\"> http:\/\/www.klein-aus-vista.com\/de\/unterkunft\/eagles-nest-chalets\/<\/a><\/p>\n\n\n\n<p>L\u00fcderitz ist eine kleine beschauliche Hafenstadt am s\u00fcdlichen Atlantik. Gro\u00dfe Teile der Stadt stammen aus der wilhelminischen Kaiserzeit und sind im Jugendstil erbaut. Die alten und sehenswerten Geb\u00e4ude sind renoviert und in einem guten Zustand. Wir sind fr\u00fch morgens zu einer Katamaran-Tour nach Halifax-Island aufgebrochen. Dort lebt eine gr\u00f6\u00dfere Pinguin- Kolonie. Seehunde, Flamingos und weitere Seev\u00f6gel lie\u00dfen sich ebenfalls beobachten. In der L\u00fcderitz Bucht kann man zu entsprechenden Zeiten auch Wale sichten. Im Anschluss sind wir durch L\u00fcderitz gelaufen und pausierten in einem lauschigen Gartenlokal.<\/p>\n\n\n\n<figure class=\"wp-block-image size-large\"><a href=\"https:\/\/foto-guettler.de\/wp-content\/uploads\/2019\/12\/Reisebericht-Afrika-2018-01-4.jpg\"><img loading=\"lazy\" decoding=\"async\" width=\"1024\" height=\"683\" src=\"https:\/\/foto-guettler.de\/wp-content\/uploads\/2019\/12\/Reisebericht-Afrika-2018-01-4-1024x683.jpg\" alt=\"Reisebericht-Afrika-2018, L\u00fcderitz\" class=\"wp-image-475\" srcset=\"https:\/\/foto-guettler.de\/wp-content\/uploads\/2019\/12\/Reisebericht-Afrika-2018-01-4-1024x683.jpg 1024w, https:\/\/foto-guettler.de\/wp-content\/uploads\/2019\/12\/Reisebericht-Afrika-2018-01-4-300x200.jpg 300w, https:\/\/foto-guettler.de\/wp-content\/uploads\/2019\/12\/Reisebericht-Afrika-2018-01-4-768x512.jpg 768w, https:\/\/foto-guettler.de\/wp-content\/uploads\/2019\/12\/Reisebericht-Afrika-2018-01-4-1536x1024.jpg 1536w, https:\/\/foto-guettler.de\/wp-content\/uploads\/2019\/12\/Reisebericht-Afrika-2018-01-4-2048x1366.jpg 2048w\" sizes=\"auto, (max-width: 706px) 89vw, (max-width: 767px) 82vw, 740px\" \/><\/a><figcaption class=\"wp-element-caption\">L\u00fcderitz<\/figcaption><\/figure>\n\n\n\n<p>Ein weitere Highlight kurz vor L\u00fcderitz ist die Geisterstadt Kolmannskuppe, eine ehemalige Siedlung inmitten der lebensfeindlichen W\u00fcste. Fr\u00fcher wurden dort Diamanten abgebaut und ist heute ein Museum.<\/p>\n\n\n\n<figure class=\"wp-block-image size-large\"><a href=\"https:\/\/foto-guettler.de\/wp-content\/uploads\/2019\/12\/Reisebericht-Afrika-2018-02-2.jpg\"><img loading=\"lazy\" decoding=\"async\" width=\"1024\" height=\"683\" src=\"https:\/\/foto-guettler.de\/wp-content\/uploads\/2019\/12\/Reisebericht-Afrika-2018-02-2-1024x683.jpg\" alt=\"Reisebericht-Afrika-2018, Geisterstadt Kolmannskuppe\" class=\"wp-image-476\" srcset=\"https:\/\/foto-guettler.de\/wp-content\/uploads\/2019\/12\/Reisebericht-Afrika-2018-02-2-1024x683.jpg 1024w, https:\/\/foto-guettler.de\/wp-content\/uploads\/2019\/12\/Reisebericht-Afrika-2018-02-2-300x200.jpg 300w, https:\/\/foto-guettler.de\/wp-content\/uploads\/2019\/12\/Reisebericht-Afrika-2018-02-2-768x512.jpg 768w, https:\/\/foto-guettler.de\/wp-content\/uploads\/2019\/12\/Reisebericht-Afrika-2018-02-2-1536x1024.jpg 1536w, https:\/\/foto-guettler.de\/wp-content\/uploads\/2019\/12\/Reisebericht-Afrika-2018-02-2-2048x1366.jpg 2048w\" sizes=\"auto, (max-width: 706px) 89vw, (max-width: 767px) 82vw, 740px\" \/><\/a><figcaption class=\"wp-element-caption\">Geisterstadt Kolmannskuppe<\/figcaption><\/figure>\n\n\n\n<p>Die n\u00e4chste Lodge Koiimasis lag in den Tiras Bergen. Eingebettet in einer wundersch\u00f6nen Landschaft lie\u00dfen wir es 2 Tage geruhsam angehen. Antje unternahm einen Reitausflug in den Sonnenuntergang. Nachts gab es die einmalige M\u00f6glichkeit, die Milchstra\u00dfe zu fotografieren. Keine Fremdlicht und die trockene klare Luft sorgten f\u00fcr perfekte Verh\u00e4ltnisse.<br><a aria-label=\"https:\/\/www.namibia-farm-lodge.com\/fest-inn-fels-c115s (opens in a new tab)\" href=\"https:\/\/www.namibia-farm-lodge.com\/fest-inn-fels-c115s\" target=\"_blank\" rel=\"noreferrer noopener\">https:\/\/www.namibia-farm-lodge.com\/fest-inn-fels-c115s<\/a><\/p>\n\n\n\nngg_shortcode_1_placeholder\n\n\n\n<p>Weiter geht es zur Namib W\u00fcste in die Sossusvlei Lodge bei Sesriem. Ein Helikopter-Rundflug und ein Ausflug zum Deadvlei waren die H\u00f6hepunkte dieser Touristenattraktion Namibias. Der Ausflugstag startete mit einem Picknick-Fr\u00fchst\u00fcck (die Lodge hatte den Korb sehr reichhaltig gef\u00fcllt) auf einer Decke mitten in der W\u00fcste.  Morgens war das Deadvlei sehr gut besucht. Gegen Mittag flauten die Touristenstr\u00f6me ab und man konnte dann die Stille der W\u00fcste genie\u00dfen. Die riesigen D\u00fcnen sind faszinierend anzuschauen und einige wie die D\u00fcne 45 kann man auch besteigen. Auf der 60 km langen Zufahrt von Sesriem zum Deadvlei sind die D\u00fcnen wie Hausnummern durchnummeriert. Das Hiddenvlei am Ende der asphaltierten Stra\u00dfe sollte man auf jeden Fall auch besichtigen. Wir haben dort ein Oryx aus n\u00e4chster N\u00e4he beobachten k\u00f6nnen.<br><a aria-label=\"https:\/\/www.sossusvleilodge.com\/ (opens in a new tab)\" href=\"https:\/\/www.sossusvleilodge.com\/\" target=\"_blank\" rel=\"noreferrer noopener\">https:\/\/www.sossusvleilodge.com\/<\/a><\/p>\n\n\n\nngg_shortcode_2_placeholder\n\n\n\n<p>Nun fuhren wir mit einer Zwischen\u00fcbernachtung in einer abgelegenen Lodge im Zebrafluss-Canyon gelegen in den Tsarisbergen zur\u00fcck nach Windhuk. Mit dem Flieger  erreichten wir unser n\u00e4chstes Ziel Johannesburg in S\u00fcdafrika. Schreck bei der Ankunft &#8211; mein Koffer war nicht mitgekommen.  Weiter ging es mit einem Leihwagen zur Thaba Lodge im Black Rhino Reserve. Dies ist der private Teil des National Park Pilanesberg. Zum Gl\u00fcck wurde mein Koffer mit einem Tag Versp\u00e4tung in der Lodge angeliefert. Die Lodge war traumhaft sch\u00f6n und wir konnten sehr viele Tiere bei den Game Drives beobachten.<br> <a aria-label=\"https:\/\/www.thabalodge.co.za\/ (opens in a new tab)\" href=\"https:\/\/www.thabalodge.co.za\/\" target=\"_blank\" rel=\"noreferrer noopener\">https:\/\/www.thabalodge.co.za\/<\/a><\/p>\n\n\n\n<div style=\"height:48px\" aria-hidden=\"true\" class=\"wp-block-spacer\"><\/div>\n\n\n\n<p>Wie sicher ist es in Namibia zu reisen? Was muss man ber\u00fccksichtigen und wie verh\u00e4lt man sich am besten? Antworten gibt das Ausw\u00e4rtige Amt mit den Reise- und Sicherheitshinweisen f\u00fcr alle L\u00e4nder. Hier der Link zu Namibia:<br><a aria-label=\"https:\/\/www.auswaertiges-amt.de\/de\/aussenpolitik\/laender\/namibia-node\/namibiasicherheit\/208314 (opens in a new tab)\" href=\"https:\/\/www.auswaertiges-amt.de\/de\/aussenpolitik\/laender\/namibia-node\/namibiasicherheit\/208314\" target=\"_blank\" rel=\"noreferrer noopener\">https:\/\/www.auswaertiges-amt.de\/de\/aussenpolitik\/laender\/namibia-node\/namibiasicherheit\/208314<\/a><\/p>\n\n\n\n<div class=\"wp-block-button\"><a class=\"wp-block-button__link wp-element-button\" href=\"https:\/\/1drv.ms\/f\/c\/0f5c884bef63e1cc\/IgDM4WPvS4hcIIAPqzUAAAAAAa1NSGRVClnTySnC4vrMeXo?e=0eeVAL\" target=\"_blank\" rel=\"noreferrer noopener\">Fotogalerie mit 174 Fotos<\/a><\/div>\n\n\n\n<div style=\"height:100px\" aria-hidden=\"true\" class=\"wp-block-spacer\"><\/div>\n\n\n\n<p>Eine kurze Zusammenfassung der Reise als Video &#8211; bitte den Ton einschalten.<\/p>\n\n\n\n<figure class=\"wp-block-embed is-type-video is-provider-youtube wp-block-embed-youtube wp-embed-aspect-16-9 wp-has-aspect-ratio\"><div class=\"wp-block-embed__wrapper\">\n<iframe loading=\"lazy\" title=\"Afrika 2018 Kurzes Video\" width=\"525\" height=\"295\" src=\"https:\/\/www.youtube.com\/embed\/gxtSWKZ8Now?feature=oembed\" frameborder=\"0\" allow=\"accelerometer; autoplay; clipboard-write; encrypted-media; gyroscope; picture-in-picture; web-share\" referrerpolicy=\"strict-origin-when-cross-origin\" allowfullscreen><\/iframe>\n<\/div><figcaption class=\"wp-element-caption\"><br><\/figcaption><\/figure>\n\n\n\n<hr class=\"wp-block-separator has-css-opacity is-style-wide\"\/>\n\n\n\n<p><a href=\"https:\/\/foto-guettler.de\/?page_id=41\">&lt;&lt;  zur\u00fcck<\/a><\/p>\n","protected":false},"excerpt":{"rendered":"<p>Reisebericht Namibia und S\u00fcdafrika Reise vom 26. Mai bis 17. Juni 2018, davon 4 Tage Pilanesberg in S\u00fcdafrika Highlights unserer Reise waren die Kalahari, der K\u00f6cherbaumwald bei Keetmanshoop, der Fishriver Canyon, die Wildpferde von Garub, L\u00fcderitz mit Katamaran Tour, die Geisterstadt Kolmannskuppe, das Sossusvlei in der Namib W\u00fcste und Pilanesberg in S\u00fcdafrika. Die Reise haben &hellip; <\/p>\n<p class=\"link-more\"><a href=\"https:\/\/foto-guettler.de\/?page_id=56\" class=\"more-link\"><span class=\"screen-reader-text\">\u201eAfrika-2018\u201c <\/span>weiterlesen<\/a><\/p>\n","protected":false},"author":1,"featured_media":0,"parent":0,"menu_order":0,"comment_status":"open","ping_status":"closed","template":"","meta":{"ngg_post_thumbnail":0,"footnotes":""},"class_list":["post-56","page","type-page","status-publish","hentry"],"jetpack_sharing_enabled":true,"_links":{"self":[{"href":"https:\/\/foto-guettler.de\/index.php?rest_route=\/wp\/v2\/pages\/56","targetHints":{"allow":["GET"]}}],"collection":[{"href":"https:\/\/foto-guettler.de\/index.php?rest_route=\/wp\/v2\/pages"}],"about":[{"href":"https:\/\/foto-guettler.de\/index.php?rest_route=\/wp\/v2\/types\/page"}],"author":[{"embeddable":true,"href":"https:\/\/foto-guettler.de\/index.php?rest_route=\/wp\/v2\/users\/1"}],"replies":[{"embeddable":true,"href":"https:\/\/foto-guettler.de\/index.php?rest_route=%2Fwp%2Fv2%2Fcomments&post=56"}],"version-history":[{"count":5,"href":"https:\/\/foto-guettler.de\/index.php?rest_route=\/wp\/v2\/pages\/56\/revisions"}],"predecessor-version":[{"id":2412,"href":"https:\/\/foto-guettler.de\/index.php?rest_route=\/wp\/v2\/pages\/56\/revisions\/2412"}],"wp:attachment":[{"href":"https:\/\/foto-guettler.de\/index.php?rest_route=%2Fwp%2Fv2%2Fmedia&parent=56"}],"curies":[{"name":"wp","href":"https:\/\/api.w.org\/{rel}","templated":true}]}}