{"id":822,"date":"2020-03-27T20:35:16","date_gmt":"2020-03-27T20:35:16","guid":{"rendered":"https:\/\/foto-guettler.de\/?page_id=822"},"modified":"2020-03-28T18:33:11","modified_gmt":"2020-03-28T18:33:11","slug":"sitemap","status":"publish","type":"page","link":"https:\/\/foto-guettler.de\/?page_id=822","title":{"rendered":"Sitemap"},"content":{"rendered":"\n<h3 class=\"wp-block-heading\">Blogbeitr\u00e4ge auf der Startseite, sortiert nach Kategorien<\/h3>\n\n\n<div class=\"wp-block-categories-dropdown wp-block-categories\"><label class=\"wp-block-categories__label\" for=\"wp-block-categories-1\">Kategorien<\/label><select  name='category_name' id='wp-block-categories-1' class='postform'>\n\t<option value='-1'>Kategorie ausw\u00e4hlen<\/option>\n\t<option class=\"level-0\" value=\"alle-beitraege\">Alle Beitr\u00e4ge&nbsp;&nbsp;(31)<\/option>\n\t<option class=\"level-0\" value=\"architektur\">Architektur&nbsp;&nbsp;(4)<\/option>\n\t<option class=\"level-0\" value=\"fotografie\">Fotografie&nbsp;&nbsp;(13)<\/option>\n\t<option class=\"level-1\" value=\"fotobeitraege\">&nbsp;&nbsp;&nbsp;Foto-Beitr\u00e4ge&nbsp;&nbsp;(3)<\/option>\n\t<option class=\"level-1\" value=\"fotogalerien\">&nbsp;&nbsp;&nbsp;Fotogalerien&nbsp;&nbsp;(10)<\/option>\n\t<option class=\"level-0\" value=\"gastbeitraege-von-karin-kuechen-plauderei\">Gastbeitr\u00e4ge von Karin &#8211; K\u00fcchen Plauderei&nbsp;&nbsp;(6)<\/option>\n\t<option class=\"level-0\" value=\"grillen\">Grillen&nbsp;&nbsp;(2)<\/option>\n\t<option class=\"level-0\" value=\"inhalt-und-navigation\">Inhalt und Navigation&nbsp;&nbsp;(1)<\/option>\n\t<option class=\"level-0\" value=\"rezepte\">Rezepte&nbsp;&nbsp;(15)<\/option>\n\t<option class=\"level-1\" value=\"getraenke\">&nbsp;&nbsp;&nbsp;Getr\u00e4nke&nbsp;&nbsp;(7)<\/option>\n\t<option class=\"level-1\" value=\"speisen\">&nbsp;&nbsp;&nbsp;Speisen&nbsp;&nbsp;(8)<\/option>\n\t<option class=\"level-0\" value=\"staedte\">St\u00e4dte&nbsp;&nbsp;(3)<\/option>\n<\/select><script>\n( ( [ dropdownId, homeUrl ] ) => {\n\t\tconst dropdown = document.getElementById( dropdownId );\n\t\tfunction onSelectChange() {\n\t\t\tsetTimeout( () => {\n\t\t\t\tif ( 'escape' === dropdown.dataset.lastkey ) {\n\t\t\t\t\treturn;\n\t\t\t\t}\n\t\t\t\tif ( dropdown.value && dropdown instanceof HTMLSelectElement ) {\n\t\t\t\t\tconst url = new URL( homeUrl );\n\t\t\t\t\turl.searchParams.set( dropdown.name, dropdown.value );\n\t\t\t\t\tlocation.href = url.href;\n\t\t\t\t}\n\t\t\t}, 250 );\n\t\t}\n\t\tfunction onKeyUp( event ) {\n\t\t\tif ( 'Escape' === event.key ) {\n\t\t\t\tdropdown.dataset.lastkey = 'escape';\n\t\t\t} else {\n\t\t\t\tdelete dropdown.dataset.lastkey;\n\t\t\t}\n\t\t}\n\t\tfunction onClick() {\n\t\t\tdelete dropdown.dataset.lastkey;\n\t\t}\n\t\tdropdown.addEventListener( 'keyup', onKeyUp );\n\t\tdropdown.addEventListener( 'click', onClick );\n\t\tdropdown.addEventListener( 'change', onSelectChange );\n\t} )( [\"wp-block-categories-1\",\"https:\/\/foto-guettler.de\"] );\n\/\/# sourceURL=build_dropdown_script_block_core_categories\n<\/script>\n\n<\/div>\n\n\n<div style=\"height:100px\" aria-hidden=\"true\" class=\"wp-block-spacer\"><\/div>\n\n\n<div id=\"simple-sitemap-container-69fb3923b4af3\" class=\"simple-sitemap-container simple-sitemap-container-69fb3923b4af3 tab-disabled\"><div class=\"simple-sitemap-wrap\"><h3 class=\"post-type\">Seiten<\/h3><ul class=\"simple-sitemap-page main\"><li class=\"sitemap-item page_item page-item-56\"><a href=\"https:\/\/foto-guettler.de\/?page_id=56\">Afrika-2018<\/a><\/li>\n<li class=\"sitemap-item page_item page-item-1469\"><a href=\"https:\/\/foto-guettler.de\/?page_id=1469\">Bretagne 2021<\/a><\/li>\n<li class=\"sitemap-item page_item page-item-128\"><a href=\"https:\/\/foto-guettler.de\/?page_id=128\">Datenschutzerkl\u00e4rung<\/a><\/li>\n<li class=\"sitemap-item page_item page-item-1586\"><a href=\"https:\/\/foto-guettler.de\/?page_id=1586\">Frankreich 2022<\/a><\/li>\n<li class=\"sitemap-item page_item page-item-2\"><a href=\"https:\/\/foto-guettler.de\/?page_id=2\">Herzlich Willkommen auf unserer Homepage<\/a><\/li>\n<li class=\"sitemap-item page_item page-item-19\"><a href=\"https:\/\/foto-guettler.de\/?page_id=19\">Impressum<\/a><\/li>\n<li class=\"sitemap-item page_item page-item-97\"><a href=\"https:\/\/foto-guettler.de\/?page_id=97\">Kalender-2019<\/a><\/li>\n<li class=\"sitemap-item page_item page-item-177\"><a href=\"https:\/\/foto-guettler.de\/?page_id=177\">Kalender-2020<\/a><\/li>\n<li class=\"sitemap-item page_item page-item-1130\"><a href=\"https:\/\/foto-guettler.de\/?page_id=1130\">Kalender-2021<\/a><\/li>\n<li class=\"sitemap-item page_item page-item-1321\"><a href=\"https:\/\/foto-guettler.de\/?page_id=1321\">Kalender-2022<\/a><\/li>\n<li class=\"sitemap-item page_item page-item-1569\"><a href=\"https:\/\/foto-guettler.de\/?page_id=1569\">Kalender-2023<\/a><\/li>\n<li class=\"sitemap-item page_item page-item-1693\"><a href=\"https:\/\/foto-guettler.de\/?page_id=1693\">Kalender-2024<\/a><\/li>\n<li class=\"sitemap-item page_item page-item-2139\"><a href=\"https:\/\/foto-guettler.de\/?page_id=2139\">Kalender-2025<\/a><\/li>\n<li class=\"sitemap-item page_item page-item-2351\"><a href=\"https:\/\/foto-guettler.de\/?page_id=2351\">Kalender-2026<\/a><\/li>\n<li class=\"sitemap-item page_item page-item-39\"><a href=\"https:\/\/foto-guettler.de\/?page_id=39\">Kalenderprojekte<\/a><\/li>\n<li class=\"sitemap-item page_item page-item-2194\"><a href=\"https:\/\/foto-guettler.de\/?page_id=2194\">Korsika 2024<\/a><\/li>\n<li class=\"sitemap-item page_item page-item-539\"><a href=\"https:\/\/foto-guettler.de\/?page_id=539\">Namibia 2019<\/a><\/li>\n<li class=\"sitemap-item page_item page-item-143\"><a href=\"https:\/\/foto-guettler.de\/?page_id=143\">Privat<\/a><\/li>\n<li class=\"sitemap-item page_item page-item-41\"><a href=\"https:\/\/foto-guettler.de\/?page_id=41\">Reisen<\/a><\/li>\n<li class=\"sitemap-item page_item page-item-822\"><a href=\"https:\/\/foto-guettler.de\/?page_id=822\">Sitemap<\/a><\/li>\n<li class=\"sitemap-item page_item page-item-911\"><a href=\"https:\/\/foto-guettler.de\/?page_id=911\">S\u00fcdafrika 2017<\/a><\/li>\n<li class=\"sitemap-item page_item page-item-1716\"><a href=\"https:\/\/foto-guettler.de\/?page_id=1716\">S\u00fcdafrika-2023<\/a><\/li>\n<li class=\"sitemap-item page_item page-item-31\"><a href=\"https:\/\/foto-guettler.de\/?page_id=31\">\u00dcber uns<\/a><\/li>\n<\/ul><\/div><\/div><br style=\"clear: both;\">\n\n\n<div style=\"height:63px\" aria-hidden=\"true\" class=\"wp-block-spacer\"><\/div>\n\n\n\n<h3 class=\"wp-block-heading\">Gesamtsicht aller Blogbeitr\u00e4ge auf der Startseite<\/h3>\n\n\n<div id=\"simple-sitemap-container-69fb3923b71ad\" class=\"simple-sitemap-container simple-sitemap-container-69fb3923b71ad\"><h3 class=\"post-type\">Beitr\u00e4ge<\/h3><div class=\"simple-sitemap-wrap alle-beitraege\"><h3 class=\"term-tag\">Alle Beitr\u00e4ge<\/h3><ul class=\"simple-sitemap-post main\"><li class=\"sitemap-item\"><a href=\"https:\/\/foto-guettler.de\/?p=2088\">Herzlich Willkommen auf unserer Homepage<\/a><\/li><li class=\"sitemap-item\"><a href=\"https:\/\/foto-guettler.de\/?p=2045\">Fotogalerie &#8211; K\u00fcste und Meer<\/a><\/li><li class=\"sitemap-item\"><a href=\"https:\/\/foto-guettler.de\/?p=1945\">Fotogalerie &#8211; Die Natur als K\u00fcnstlerin<\/a><\/li><li class=\"sitemap-item\"><a href=\"https:\/\/foto-guettler.de\/?p=1939\">Fotogalerie &#8211; Berglandschaften<\/a><\/li><li class=\"sitemap-item\"><a href=\"https:\/\/foto-guettler.de\/?p=1241\">Fotogalerie &#8211; Die W\u00fcste Namib<\/a><\/li><li class=\"sitemap-item\"><a href=\"https:\/\/foto-guettler.de\/?p=1020\">Fotogalerie &#8211; Architektur Highlights in Barcelona<\/a><\/li><li class=\"sitemap-item\"><a href=\"https:\/\/foto-guettler.de\/?p=741\">Fotogalerie &#8211; Lichtkunst und Lichtinstallationen<\/a><\/li><li class=\"sitemap-item\"><a href=\"https:\/\/foto-guettler.de\/?p=1402\">Fotogalerie &#8211; Street Art im Dortmunder Unionviertel<\/a><\/li><li class=\"sitemap-item\"><a href=\"https:\/\/foto-guettler.de\/?p=651\">Fotogalerie &#8211; Die Zeche Zollern<\/a><\/li><li class=\"sitemap-item\"><a href=\"https:\/\/foto-guettler.de\/?p=2415\">Espresso Martini &#8211; Trendcocktail aus London<\/a><\/li><li class=\"sitemap-item\"><a href=\"https:\/\/foto-guettler.de\/?p=1891\">Cocktail Klassiker &#8211; Hemingway Daiquiri<\/a><\/li><li class=\"sitemap-item\"><a href=\"https:\/\/foto-guettler.de\/?p=1883\">Cocktail Klassiker &#8211; Pisco Sour<\/a><\/li><li class=\"sitemap-item\"><a href=\"https:\/\/foto-guettler.de\/?p=791\">Cocktail Klassiker &#8211; Negroni<\/a><\/li><li class=\"sitemap-item\"><a href=\"https:\/\/foto-guettler.de\/?p=705\">Cocktail Klassiker &#8211; Cosmopolitan<\/a><\/li><li class=\"sitemap-item\"><a href=\"https:\/\/foto-guettler.de\/?p=264\">Winterzeit &#8211; Sour Drink Zeit<\/a><\/li><li class=\"sitemap-item\"><a href=\"https:\/\/foto-guettler.de\/?p=1526\">K\u00fcchen Plauderei mit Karin &#8211; Kr\u00e4uter-Quark im April<\/a><\/li><li class=\"sitemap-item\"><a href=\"https:\/\/foto-guettler.de\/?p=1515\">K\u00fcchen Plauderei mit Karin \u2013 Ger\u00f6stete Gem\u00fcsebr\u00fche im M\u00e4rz<\/a><\/li><li class=\"sitemap-item\"><a href=\"https:\/\/foto-guettler.de\/?p=1501\">K\u00fcchen Plauderei mit Karin &#8211; Pizza-Schnecken im Februar<\/a><\/li><li class=\"sitemap-item\"><a href=\"https:\/\/foto-guettler.de\/?p=1488\">K\u00fcchen Plauderei mit Karin \u2013 Gem\u00fcse-Curry im Januar<\/a><\/li><li class=\"sitemap-item\"><a href=\"https:\/\/foto-guettler.de\/?p=1445\">K\u00fcchen Plauderei mit Karin &#8211; Gl\u00fchwein im Dezember<\/a><\/li><li class=\"sitemap-item\"><a href=\"https:\/\/foto-guettler.de\/?p=1362\">K\u00fcchen Plauderei mit Karin &#8211; Spritzgeb\u00e4ck im November<\/a><\/li><li class=\"sitemap-item\"><a href=\"https:\/\/foto-guettler.de\/?p=1229\">Hamburg<\/a><\/li><li class=\"sitemap-item\"><a href=\"https:\/\/foto-guettler.de\/?p=861\">Grillen &#8211; Einsatz eines Grill- oder Fleischthermometers<\/a><\/li><li class=\"sitemap-item\"><a href=\"https:\/\/foto-guettler.de\/?p=855\">Fotografie &#8211; Fotos bei einem Gamedrive aufnehmen<\/a><\/li><li class=\"sitemap-item\"><a href=\"https:\/\/foto-guettler.de\/?p=852\">Unsere Lieblingssuppe: Erdnuss-S\u00fc\u00dfkartoffel-Suppe<\/a><\/li><li class=\"sitemap-item\"><a href=\"https:\/\/foto-guettler.de\/?p=833\">Fotografie &#8211; 500er Regel f\u00fcr Astroaufnahmen<\/a><\/li><li class=\"sitemap-item\"><a href=\"https:\/\/foto-guettler.de\/?p=775\">Grillen &#8211; Fleisch w\u00fcrzen<\/a><\/li><li class=\"sitemap-item\"><a href=\"https:\/\/foto-guettler.de\/?p=684\">Original italienische Bolognese<\/a><\/li><li class=\"sitemap-item\"><a href=\"https:\/\/foto-guettler.de\/?p=525\">Feuerwerk fotografieren<\/a><\/li><li class=\"sitemap-item\"><a href=\"https:\/\/foto-guettler.de\/?p=241\">Leipzig<\/a><\/li><li class=\"sitemap-item\"><a href=\"https:\/\/foto-guettler.de\/?p=141\">Hello World!<\/a><\/li><\/ul><\/div><div class=\"simple-sitemap-wrap architektur\"><h3 class=\"term-tag\">Architektur<\/h3><ul class=\"simple-sitemap-post main\"><li class=\"sitemap-item\"><a href=\"https:\/\/foto-guettler.de\/?p=1020\">Fotogalerie &#8211; Architektur Highlights in Barcelona<\/a><\/li><li class=\"sitemap-item\"><a href=\"https:\/\/foto-guettler.de\/?p=651\">Fotogalerie &#8211; Die Zeche Zollern<\/a><\/li><li class=\"sitemap-item\"><a href=\"https:\/\/foto-guettler.de\/?p=1229\">Hamburg<\/a><\/li><li class=\"sitemap-item\"><a href=\"https:\/\/foto-guettler.de\/?p=241\">Leipzig<\/a><\/li><\/ul><\/div><div class=\"simple-sitemap-wrap fotobeitraege\"><h3 class=\"term-tag\">Foto-Beitr\u00e4ge<\/h3><ul class=\"simple-sitemap-post main\"><li class=\"sitemap-item\"><a href=\"https:\/\/foto-guettler.de\/?p=855\">Fotografie &#8211; Fotos bei einem Gamedrive aufnehmen<\/a><\/li><li class=\"sitemap-item\"><a href=\"https:\/\/foto-guettler.de\/?p=833\">Fotografie &#8211; 500er Regel f\u00fcr Astroaufnahmen<\/a><\/li><li class=\"sitemap-item\"><a href=\"https:\/\/foto-guettler.de\/?p=525\">Feuerwerk fotografieren<\/a><\/li><\/ul><\/div><div class=\"simple-sitemap-wrap fotogalerien\"><h3 class=\"term-tag\">Fotogalerien<\/h3><ul class=\"simple-sitemap-post main\"><li class=\"sitemap-item\"><a href=\"https:\/\/foto-guettler.de\/?p=2045\">Fotogalerie &#8211; K\u00fcste und Meer<\/a><\/li><li class=\"sitemap-item\"><a href=\"https:\/\/foto-guettler.de\/?p=1945\">Fotogalerie &#8211; Die Natur als K\u00fcnstlerin<\/a><\/li><li class=\"sitemap-item\"><a href=\"https:\/\/foto-guettler.de\/?p=1939\">Fotogalerie &#8211; Berglandschaften<\/a><\/li><li class=\"sitemap-item\"><a href=\"https:\/\/foto-guettler.de\/?p=1241\">Fotogalerie &#8211; Die W\u00fcste Namib<\/a><\/li><li class=\"sitemap-item\"><a href=\"https:\/\/foto-guettler.de\/?p=1020\">Fotogalerie &#8211; Architektur Highlights in Barcelona<\/a><\/li><li class=\"sitemap-item\"><a href=\"https:\/\/foto-guettler.de\/?p=741\">Fotogalerie &#8211; Lichtkunst und Lichtinstallationen<\/a><\/li><li class=\"sitemap-item\"><a href=\"https:\/\/foto-guettler.de\/?p=1402\">Fotogalerie &#8211; Street Art im Dortmunder Unionviertel<\/a><\/li><li class=\"sitemap-item\"><a href=\"https:\/\/foto-guettler.de\/?p=651\">Fotogalerie &#8211; Die Zeche Zollern<\/a><\/li><li class=\"sitemap-item\"><a href=\"https:\/\/foto-guettler.de\/?p=1229\">Hamburg<\/a><\/li><li class=\"sitemap-item\"><a href=\"https:\/\/foto-guettler.de\/?p=241\">Leipzig<\/a><\/li><\/ul><\/div><div class=\"simple-sitemap-wrap fotografie\"><h3 class=\"term-tag\">Fotografie<\/h3><ul class=\"simple-sitemap-post main\"><li class=\"sitemap-item\"><a href=\"https:\/\/foto-guettler.de\/?p=2045\">Fotogalerie &#8211; K\u00fcste und Meer<\/a><\/li><li class=\"sitemap-item\"><a href=\"https:\/\/foto-guettler.de\/?p=1945\">Fotogalerie &#8211; Die Natur als K\u00fcnstlerin<\/a><\/li><li class=\"sitemap-item\"><a href=\"https:\/\/foto-guettler.de\/?p=1939\">Fotogalerie &#8211; Berglandschaften<\/a><\/li><li class=\"sitemap-item\"><a href=\"https:\/\/foto-guettler.de\/?p=1241\">Fotogalerie &#8211; Die W\u00fcste Namib<\/a><\/li><li class=\"sitemap-item\"><a href=\"https:\/\/foto-guettler.de\/?p=1020\">Fotogalerie &#8211; Architektur Highlights in Barcelona<\/a><\/li><li class=\"sitemap-item\"><a href=\"https:\/\/foto-guettler.de\/?p=741\">Fotogalerie &#8211; Lichtkunst und Lichtinstallationen<\/a><\/li><li class=\"sitemap-item\"><a href=\"https:\/\/foto-guettler.de\/?p=1402\">Fotogalerie &#8211; Street Art im Dortmunder Unionviertel<\/a><\/li><li class=\"sitemap-item\"><a href=\"https:\/\/foto-guettler.de\/?p=651\">Fotogalerie &#8211; Die Zeche Zollern<\/a><\/li><li class=\"sitemap-item\"><a href=\"https:\/\/foto-guettler.de\/?p=1229\">Hamburg<\/a><\/li><li class=\"sitemap-item\"><a href=\"https:\/\/foto-guettler.de\/?p=855\">Fotografie &#8211; Fotos bei einem Gamedrive aufnehmen<\/a><\/li><li class=\"sitemap-item\"><a href=\"https:\/\/foto-guettler.de\/?p=833\">Fotografie &#8211; 500er Regel f\u00fcr Astroaufnahmen<\/a><\/li><li class=\"sitemap-item\"><a href=\"https:\/\/foto-guettler.de\/?p=525\">Feuerwerk fotografieren<\/a><\/li><li class=\"sitemap-item\"><a href=\"https:\/\/foto-guettler.de\/?p=241\">Leipzig<\/a><\/li><\/ul><\/div><div class=\"simple-sitemap-wrap gastbeitraege-von-karin-kuechen-plauderei\"><h3 class=\"term-tag\">Gastbeitr\u00e4ge von Karin &#8211; K\u00fcchen Plauderei<\/h3><ul class=\"simple-sitemap-post main\"><li class=\"sitemap-item\"><a href=\"https:\/\/foto-guettler.de\/?p=1526\">K\u00fcchen Plauderei mit Karin &#8211; Kr\u00e4uter-Quark im April<\/a><\/li><li class=\"sitemap-item\"><a href=\"https:\/\/foto-guettler.de\/?p=1515\">K\u00fcchen Plauderei mit Karin \u2013 Ger\u00f6stete Gem\u00fcsebr\u00fche im M\u00e4rz<\/a><\/li><li class=\"sitemap-item\"><a href=\"https:\/\/foto-guettler.de\/?p=1501\">K\u00fcchen Plauderei mit Karin &#8211; Pizza-Schnecken im Februar<\/a><\/li><li class=\"sitemap-item\"><a href=\"https:\/\/foto-guettler.de\/?p=1488\">K\u00fcchen Plauderei mit Karin \u2013 Gem\u00fcse-Curry im Januar<\/a><\/li><li class=\"sitemap-item\"><a href=\"https:\/\/foto-guettler.de\/?p=1445\">K\u00fcchen Plauderei mit Karin &#8211; Gl\u00fchwein im Dezember<\/a><\/li><li class=\"sitemap-item\"><a href=\"https:\/\/foto-guettler.de\/?p=1362\">K\u00fcchen Plauderei mit Karin &#8211; Spritzgeb\u00e4ck im November<\/a><\/li><\/ul><\/div><div class=\"simple-sitemap-wrap getraenke\"><h3 class=\"term-tag\">Getr\u00e4nke<\/h3><ul class=\"simple-sitemap-post main\"><li class=\"sitemap-item\"><a href=\"https:\/\/foto-guettler.de\/?p=2415\">Espresso Martini &#8211; Trendcocktail aus London<\/a><\/li><li class=\"sitemap-item\"><a href=\"https:\/\/foto-guettler.de\/?p=1891\">Cocktail Klassiker &#8211; Hemingway Daiquiri<\/a><\/li><li class=\"sitemap-item\"><a href=\"https:\/\/foto-guettler.de\/?p=1883\">Cocktail Klassiker &#8211; Pisco Sour<\/a><\/li><li class=\"sitemap-item\"><a href=\"https:\/\/foto-guettler.de\/?p=791\">Cocktail Klassiker &#8211; Negroni<\/a><\/li><li class=\"sitemap-item\"><a href=\"https:\/\/foto-guettler.de\/?p=705\">Cocktail Klassiker &#8211; Cosmopolitan<\/a><\/li><li class=\"sitemap-item\"><a href=\"https:\/\/foto-guettler.de\/?p=264\">Winterzeit &#8211; Sour Drink Zeit<\/a><\/li><li class=\"sitemap-item\"><a href=\"https:\/\/foto-guettler.de\/?p=1445\">K\u00fcchen Plauderei mit Karin &#8211; Gl\u00fchwein im Dezember<\/a><\/li><\/ul><\/div><div class=\"simple-sitemap-wrap grillen\"><h3 class=\"term-tag\">Grillen<\/h3><ul class=\"simple-sitemap-post main\"><li class=\"sitemap-item\"><a href=\"https:\/\/foto-guettler.de\/?p=861\">Grillen &#8211; Einsatz eines Grill- oder Fleischthermometers<\/a><\/li><li class=\"sitemap-item\"><a href=\"https:\/\/foto-guettler.de\/?p=775\">Grillen &#8211; Fleisch w\u00fcrzen<\/a><\/li><\/ul><\/div><div class=\"simple-sitemap-wrap inhalt-und-navigation\"><h3 class=\"term-tag\">Inhalt und Navigation<\/h3><ul class=\"simple-sitemap-post main\"><li class=\"sitemap-item\"><a href=\"https:\/\/foto-guettler.de\/?p=2088\">Herzlich Willkommen auf unserer Homepage<\/a><\/li><\/ul><\/div><div class=\"simple-sitemap-wrap rezepte\"><h3 class=\"term-tag\">Rezepte<\/h3><ul class=\"simple-sitemap-post main\"><li class=\"sitemap-item\"><a href=\"https:\/\/foto-guettler.de\/?p=2415\">Espresso Martini &#8211; Trendcocktail aus London<\/a><\/li><li class=\"sitemap-item\"><a href=\"https:\/\/foto-guettler.de\/?p=1891\">Cocktail Klassiker &#8211; Hemingway Daiquiri<\/a><\/li><li class=\"sitemap-item\"><a href=\"https:\/\/foto-guettler.de\/?p=1883\">Cocktail Klassiker &#8211; Pisco Sour<\/a><\/li><li class=\"sitemap-item\"><a href=\"https:\/\/foto-guettler.de\/?p=791\">Cocktail Klassiker &#8211; Negroni<\/a><\/li><li class=\"sitemap-item\"><a href=\"https:\/\/foto-guettler.de\/?p=705\">Cocktail Klassiker &#8211; Cosmopolitan<\/a><\/li><li class=\"sitemap-item\"><a href=\"https:\/\/foto-guettler.de\/?p=264\">Winterzeit &#8211; Sour Drink Zeit<\/a><\/li><li class=\"sitemap-item\"><a href=\"https:\/\/foto-guettler.de\/?p=1526\">K\u00fcchen Plauderei mit Karin &#8211; Kr\u00e4uter-Quark im April<\/a><\/li><li class=\"sitemap-item\"><a href=\"https:\/\/foto-guettler.de\/?p=1515\">K\u00fcchen Plauderei mit Karin \u2013 Ger\u00f6stete Gem\u00fcsebr\u00fche im M\u00e4rz<\/a><\/li><li class=\"sitemap-item\"><a href=\"https:\/\/foto-guettler.de\/?p=1501\">K\u00fcchen Plauderei mit Karin &#8211; Pizza-Schnecken im Februar<\/a><\/li><li class=\"sitemap-item\"><a href=\"https:\/\/foto-guettler.de\/?p=1488\">K\u00fcchen Plauderei mit Karin \u2013 Gem\u00fcse-Curry im Januar<\/a><\/li><li class=\"sitemap-item\"><a href=\"https:\/\/foto-guettler.de\/?p=1445\">K\u00fcchen Plauderei mit Karin &#8211; Gl\u00fchwein im Dezember<\/a><\/li><li class=\"sitemap-item\"><a href=\"https:\/\/foto-guettler.de\/?p=1362\">K\u00fcchen Plauderei mit Karin &#8211; Spritzgeb\u00e4ck im November<\/a><\/li><li class=\"sitemap-item\"><a href=\"https:\/\/foto-guettler.de\/?p=852\">Unsere Lieblingssuppe: Erdnuss-S\u00fc\u00dfkartoffel-Suppe<\/a><\/li><li class=\"sitemap-item\"><a href=\"https:\/\/foto-guettler.de\/?p=775\">Grillen &#8211; Fleisch w\u00fcrzen<\/a><\/li><li class=\"sitemap-item\"><a href=\"https:\/\/foto-guettler.de\/?p=684\">Original italienische Bolognese<\/a><\/li><\/ul><\/div><div class=\"simple-sitemap-wrap speisen\"><h3 class=\"term-tag\">Speisen<\/h3><ul class=\"simple-sitemap-post main\"><li class=\"sitemap-item\"><a href=\"https:\/\/foto-guettler.de\/?p=1526\">K\u00fcchen Plauderei mit Karin &#8211; Kr\u00e4uter-Quark im April<\/a><\/li><li class=\"sitemap-item\"><a href=\"https:\/\/foto-guettler.de\/?p=1515\">K\u00fcchen Plauderei mit Karin \u2013 Ger\u00f6stete Gem\u00fcsebr\u00fche im M\u00e4rz<\/a><\/li><li class=\"sitemap-item\"><a href=\"https:\/\/foto-guettler.de\/?p=1501\">K\u00fcchen Plauderei mit Karin &#8211; Pizza-Schnecken im Februar<\/a><\/li><li class=\"sitemap-item\"><a href=\"https:\/\/foto-guettler.de\/?p=1488\">K\u00fcchen Plauderei mit Karin \u2013 Gem\u00fcse-Curry im Januar<\/a><\/li><li class=\"sitemap-item\"><a href=\"https:\/\/foto-guettler.de\/?p=1362\">K\u00fcchen Plauderei mit Karin &#8211; Spritzgeb\u00e4ck im November<\/a><\/li><li class=\"sitemap-item\"><a href=\"https:\/\/foto-guettler.de\/?p=852\">Unsere Lieblingssuppe: Erdnuss-S\u00fc\u00dfkartoffel-Suppe<\/a><\/li><li class=\"sitemap-item\"><a href=\"https:\/\/foto-guettler.de\/?p=775\">Grillen &#8211; Fleisch w\u00fcrzen<\/a><\/li><li class=\"sitemap-item\"><a href=\"https:\/\/foto-guettler.de\/?p=684\">Original italienische Bolognese<\/a><\/li><\/ul><\/div><div class=\"simple-sitemap-wrap staedte\"><h3 class=\"term-tag\">St\u00e4dte<\/h3><ul class=\"simple-sitemap-post main\"><li class=\"sitemap-item\"><a href=\"https:\/\/foto-guettler.de\/?p=1020\">Fotogalerie &#8211; Architektur Highlights in Barcelona<\/a><\/li><li class=\"sitemap-item\"><a href=\"https:\/\/foto-guettler.de\/?p=1229\">Hamburg<\/a><\/li><li class=\"sitemap-item\"><a href=\"https:\/\/foto-guettler.de\/?p=241\">Leipzig<\/a><\/li><\/ul><\/div><\/div><br style=\"clear: both\">","protected":false},"excerpt":{"rendered":"<p>Blogbeitr\u00e4ge auf der Startseite, sortiert nach Kategorien Gesamtsicht aller Blogbeitr\u00e4ge auf der Startseite<\/p>\n","protected":false},"author":1,"featured_media":0,"parent":0,"menu_order":0,"comment_status":"closed","ping_status":"closed","template":"","meta":{"ngg_post_thumbnail":0,"footnotes":""},"class_list":["post-822","page","type-page","status-publish","hentry"],"jetpack_sharing_enabled":true,"_links":{"self":[{"href":"https:\/\/foto-guettler.de\/index.php?rest_route=\/wp\/v2\/pages\/822","targetHints":{"allow":["GET"]}}],"collection":[{"href":"https:\/\/foto-guettler.de\/index.php?rest_route=\/wp\/v2\/pages"}],"about":[{"href":"https:\/\/foto-guettler.de\/index.php?rest_route=\/wp\/v2\/types\/page"}],"author":[{"embeddable":true,"href":"https:\/\/foto-guettler.de\/index.php?rest_route=\/wp\/v2\/users\/1"}],"replies":[{"embeddable":true,"href":"https:\/\/foto-guettler.de\/index.php?rest_route=%2Fwp%2Fv2%2Fcomments&post=822"}],"version-history":[{"count":0,"href":"https:\/\/foto-guettler.de\/index.php?rest_route=\/wp\/v2\/pages\/822\/revisions"}],"wp:attachment":[{"href":"https:\/\/foto-guettler.de\/index.php?rest_route=%2Fwp%2Fv2%2Fmedia&parent=822"}],"curies":[{"name":"wp","href":"https:\/\/api.w.org\/{rel}","templated":true}]}}